{"id":10,"date":"2025-11-18T16:19:17","date_gmt":"2025-11-18T15:19:17","guid":{"rendered":"https:\/\/filmparimage.com\/?page_id=10"},"modified":"2026-04-01T20:32:18","modified_gmt":"2026-04-01T18:32:18","slug":"films-de-la-periode-d","status":"publish","type":"page","link":"https:\/\/filmparimage.com\/index.php\/films-de-la-periode-d\/","title":{"rendered":"3. Films de la P\u00e9riode D"},"content":{"rendered":"\n<div data-wp-context=\"{ &quot;autoclose&quot;: false, &quot;accordionItems&quot;: [] }\" data-wp-interactive=\"core\/accordion\" role=\"group\" class=\"wp-block-accordion is-layout-flow wp-block-accordion-is-layout-flow\">\n<div data-wp-class--is-open=\"state.isOpen\" data-wp-context=\"{ &quot;id&quot;: &quot;accordion-item-1&quot;, &quot;openByDefault&quot;: false }\" data-wp-init=\"callbacks.initAccordionItems\" data-wp-on-window--hashchange=\"callbacks.hashChange\" class=\"wp-block-accordion-item is-layout-flow wp-block-accordion-item-is-layout-flow\">\n<h3 class=\"wp-block-accordion-heading\"><button aria-expanded=\"false\" aria-controls=\"accordion-item-1-panel\" data-wp-bind--aria-expanded=\"state.isOpen\" data-wp-on--click=\"actions.toggle\" data-wp-on--keydown=\"actions.handleKeyDown\" id=\"accordion-item-1\" type=\"button\" class=\"wp-block-accordion-heading__toggle\"><span class=\"wp-block-accordion-heading__toggle-title\">D-Rails &#8211; 1998<\/span><span class=\"wp-block-accordion-heading__toggle-icon\" aria-hidden=\"true\">+<\/span><\/button><\/h3>\n\n\n\n<div inert aria-labelledby=\"accordion-item-1\" data-wp-bind--inert=\"!state.isOpen\" id=\"accordion-item-1-panel\" role=\"region\" class=\"wp-block-accordion-panel is-layout-flow wp-block-accordion-panel-is-layout-flow\">\n<iframe width=\"560\" height=\"315\"\nsrc=\"https:\/\/www.youtube-nocookie.com\/embed\/5t0C3hb3B5g?rel=0\"\ntitle=\"YouTube video player\" frameborder=\"0\"\nloading=\"lazy\"\nallow=\"accelerometer; autoplay; clipboard-write; encrypted-media; gyroscope; picture-in-picture; web-share\"\nreferrerpolicy=\"strict-origin-when-cross-origin\"\nallowfullscreen><\/iframe>\n\n<p><strong>1998 \u2014 31 secondes \u2014 Super 8 \u2014 Couleur \u2014 Silencieux<\/strong><br>\n<em>1998 \u2014 31 seconds \u2014 Super 8 \u2014 Color \u2014 Silent<\/em><\/p>\n\n<p>D-Rails. \u00c9tude filmique r\u00e9alis\u00e9e image par image sur un passage \u00e0 niveau, le long d\u2019une ligne de chemin de fer. Ce film constitue le point d\u2019origine du principe qui sera d\u00e9velopp\u00e9 dans les travaux ult\u00e9rieurs.<br>\n<em>D-Rails. A film study made frame by frame at a level crossing, along a railway line. This film marks the origin of the principle later developed in subsequent works.<\/em><\/p>\n\n<p>La version pr\u00e9sent\u00e9e est une capture de la projection Super-8, accompagn\u00e9e par le son du projecteur Super-8.<br>\n<em>The version shown is a capture of the Super-8 projection, accompanied by the sound from the Super-8 projector.<\/em><\/p>\n<\/div>\n<\/div>\n<\/div>\n\n\n\n<div data-wp-context=\"{ &quot;autoclose&quot;: false, &quot;accordionItems&quot;: [] }\" data-wp-interactive=\"core\/accordion\" role=\"group\" class=\"wp-block-accordion is-layout-flow wp-block-accordion-is-layout-flow\">\n<div data-wp-class--is-open=\"state.isOpen\" data-wp-context=\"{ &quot;id&quot;: &quot;accordion-item-2&quot;, &quot;openByDefault&quot;: false }\" data-wp-init=\"callbacks.initAccordionItems\" data-wp-on-window--hashchange=\"callbacks.hashChange\" class=\"wp-block-accordion-item is-layout-flow wp-block-accordion-item-is-layout-flow\">\n<h3 class=\"wp-block-accordion-heading\"><button aria-expanded=\"false\" aria-controls=\"accordion-item-2-panel\" data-wp-bind--aria-expanded=\"state.isOpen\" data-wp-on--click=\"actions.toggle\" data-wp-on--keydown=\"actions.handleKeyDown\" id=\"accordion-item-2\" type=\"button\" class=\"wp-block-accordion-heading__toggle\"><span class=\"wp-block-accordion-heading__toggle-title\">D-Tours Voyages &#8211; 2001<\/span><span class=\"wp-block-accordion-heading__toggle-icon\" aria-hidden=\"true\">+<\/span><\/button><\/h3>\n\n\n\n<div inert aria-labelledby=\"accordion-item-2\" data-wp-bind--inert=\"!state.isOpen\" id=\"accordion-item-2-panel\" role=\"region\" class=\"wp-block-accordion-panel is-layout-flow wp-block-accordion-panel-is-layout-flow\">\n<iframe width=\"560\" height=\"315\"\nsrc=\"https:\/\/www.youtube-nocookie.com\/embed\/OfswN1mxDKY?rel=0\"\ntitle=\"YouTube video player\" frameborder=\"0\"\nloading=\"lazy\"\nallow=\"accelerometer; autoplay; clipboard-write; encrypted-media; gyroscope; picture-in-picture; web-share\"\nreferrerpolicy=\"strict-origin-when-cross-origin\"\nallowfullscreen><\/iframe>\n\n<p><strong>2001 \u2014 1 min 40 \u2014 Super 8 \u2014 Couleur \u2014 Silencieux<\/strong><br>\n<em>2001 \u2014 1 min 40 \u2014 Super 8 \u2014 Color \u2014 Silent<\/em><\/p>\n\n<p>Une d\u00e9ambulation touristique dans certaines rues de Paris avec ma cam\u00e9ra Super 8, tourn\u00e9-mont\u00e9 directement image par image, en une seule journ\u00e9e, le 14 juillet 2001.<br>\n<em>A wandering stroll through certain streets of Paris with my Super 8 camera, shot and edited directly frame by frame, in one day, july 14 2001.<\/em><\/p>\n\n<p>Ce film a \u00e9t\u00e9 projet\u00e9 \u00e0 Paris en 2003 lors des Rencontres Internationales Paris-Berlin, festival de cin\u00e9ma exp\u00e9rimental.<br>\n<em>This film was screened in Paris in 2003 at the Paris-Berlin International Meetings, an experimental cinema festival.<\/em><\/p>\n<\/div>\n<\/div>\n<\/div>\n\n\n\n<div data-wp-context=\"{ &quot;autoclose&quot;: false, &quot;accordionItems&quot;: [] }\" data-wp-interactive=\"core\/accordion\" role=\"group\" class=\"wp-block-accordion is-layout-flow wp-block-accordion-is-layout-flow\">\n<div data-wp-class--is-open=\"state.isOpen\" data-wp-context=\"{ &quot;id&quot;: &quot;accordion-item-3&quot;, &quot;openByDefault&quot;: false }\" data-wp-init=\"callbacks.initAccordionItems\" data-wp-on-window--hashchange=\"callbacks.hashChange\" class=\"wp-block-accordion-item is-layout-flow wp-block-accordion-item-is-layout-flow\">\n<h3 class=\"wp-block-accordion-heading\"><button aria-expanded=\"false\" aria-controls=\"accordion-item-3-panel\" data-wp-bind--aria-expanded=\"state.isOpen\" data-wp-on--click=\"actions.toggle\" data-wp-on--keydown=\"actions.handleKeyDown\" id=\"accordion-item-3\" type=\"button\" class=\"wp-block-accordion-heading__toggle\"><span class=\"wp-block-accordion-heading__toggle-title\">\u00d4-D-Tour &#8211; 2002<\/span><span class=\"wp-block-accordion-heading__toggle-icon\" aria-hidden=\"true\">+<\/span><\/button><\/h3>\n\n\n\n<div inert aria-labelledby=\"accordion-item-3\" data-wp-bind--inert=\"!state.isOpen\" id=\"accordion-item-3-panel\" role=\"region\" class=\"wp-block-accordion-panel is-layout-flow wp-block-accordion-panel-is-layout-flow\">\n<iframe width=\"560\" height=\"315\" \nsrc=\"https:\/\/www.youtube-nocookie.com\/embed\/eCrVr1Wz0Ao?rel=0\" title=\"YouTube video player\" frameborder=\"0\"\nloading=\"lazy\"\nallow=\"accelerometer; autoplay; clipboard-write; encrypted-media; gyroscope; picture-in-picture; web-share\" referrerpolicy=\"strict-origin-when-cross-origin\" allowfullscreen><\/iframe>\n\n<p><strong>2002 \u2014 4 min  \u2014 Super 8 et num\u00e9rique \u2014 Couleur \u2014 Silencieux<\/strong><br>\n<em>2002 \u2014 4 min \u2014 Super 8 and digital \u2014 Color \u2014 Silent<\/em><\/p>\n\n<p>La Loire et ses tourbillons, film\u00e9e en Super 8 par -15\u00b0C, recompos\u00e9e image par image en num\u00e9rique. <br>\n<em>The Loire and its whirlpools, filmed in Super 8 at \u201315\u00b0C and recomposed frame by frame digitally.<\/em><\/p>\n\n<p>Ce film a \u00e9t\u00e9 projet\u00e9 lors du 40\u00e8me anniversaire de l&rsquo;Universit\u00e9 Paris 8 Vincennes- St Denis en 2009. <br>\n<em>This film was screened during the 40th anniversary of Paris 8 University Vincennes\u2013St Denis in 2009.<\/em><\/p>\n<\/div>\n<\/div>\n<\/div>\n\n\n\n<div data-wp-context=\"{ &quot;autoclose&quot;: false, &quot;accordionItems&quot;: [] }\" data-wp-interactive=\"core\/accordion\" role=\"group\" class=\"wp-block-accordion is-layout-flow wp-block-accordion-is-layout-flow\">\n<div data-wp-class--is-open=\"state.isOpen\" data-wp-context=\"{ &quot;id&quot;: &quot;accordion-item-4&quot;, &quot;openByDefault&quot;: false }\" data-wp-init=\"callbacks.initAccordionItems\" data-wp-on-window--hashchange=\"callbacks.hashChange\" class=\"wp-block-accordion-item is-layout-flow wp-block-accordion-item-is-layout-flow\">\n<h3 class=\"wp-block-accordion-heading\"><button aria-expanded=\"false\" aria-controls=\"accordion-item-4-panel\" data-wp-bind--aria-expanded=\"state.isOpen\" data-wp-on--click=\"actions.toggle\" data-wp-on--keydown=\"actions.handleKeyDown\" id=\"accordion-item-4\" type=\"button\" class=\"wp-block-accordion-heading__toggle\"><span class=\"wp-block-accordion-heading__toggle-title\">(\u00d4-D-Tours)\u00b2 &#8211; 2003-2004<\/span><span class=\"wp-block-accordion-heading__toggle-icon\" aria-hidden=\"true\">+<\/span><\/button><\/h3>\n\n\n\n<div inert aria-labelledby=\"accordion-item-4\" data-wp-bind--inert=\"!state.isOpen\" id=\"accordion-item-4-panel\" role=\"region\" class=\"wp-block-accordion-panel is-layout-flow wp-block-accordion-panel-is-layout-flow\">\n<iframe width=\"560\" height=\"315\" \nsrc=\"https:\/\/www.youtube-nocookie.com\/embed\/Cp9ClIbOfag?rel=0\" title=\"YouTube video player\" frameborder=\"0\"\nloading=\"lazy\"\nallow=\"accelerometer; autoplay; clipboard-write; encrypted-media; gyroscope; picture-in-picture; web-share\" referrerpolicy=\"strict-origin-when-cross-origin\" allowfullscreen><\/iframe>\n\n<p><strong>2003-2004 \u2014 5 min 10 \u2014 Animation Num\u00e9rique \u2014 N&#038;B et Couleur \u2014 Silencieux<\/strong><br>\n<em>2003\u20132004 \u2014 5 min 10 \u2014 Digital Animation \u2014 B&#038;W and Color \u2014 Silent<\/em><\/p>\n\n<p>Film r\u00e9alis\u00e9 image par image.\nLes 11 premi\u00e8res secondes du film sont ensuite recompos\u00e9es progressivement et conditionnent toute la suite.\nDans certains passages, le battement rend possible de d\u00e9cider par soi-m\u00eame si la figure tourne vers la droite ou vers la gauche. <br>\n<em>A film made frame by frame.\nThe first 11 seconds of the film are then progressively recomposed, determining everything that follows.\nIn certain passages, the flicker allows the viewer to decide for themselves whether the figure is rotating to the right or to the left.<\/em><\/p>\n<\/div>\n<\/div>\n<\/div>\n\n\n\n<div data-wp-context=\"{ &quot;autoclose&quot;: false, &quot;accordionItems&quot;: [] }\" data-wp-interactive=\"core\/accordion\" role=\"group\" class=\"wp-block-accordion is-layout-flow wp-block-accordion-is-layout-flow\">\n<div data-wp-class--is-open=\"state.isOpen\" data-wp-context=\"{ &quot;id&quot;: &quot;accordion-item-5&quot;, &quot;openByDefault&quot;: false }\" data-wp-init=\"callbacks.initAccordionItems\" data-wp-on-window--hashchange=\"callbacks.hashChange\" class=\"wp-block-accordion-item is-layout-flow wp-block-accordion-item-is-layout-flow\">\n<h3 class=\"wp-block-accordion-heading\"><button aria-expanded=\"false\" aria-controls=\"accordion-item-5-panel\" data-wp-bind--aria-expanded=\"state.isOpen\" data-wp-on--click=\"actions.toggle\" data-wp-on--keydown=\"actions.handleKeyDown\" id=\"accordion-item-5\" type=\"button\" class=\"wp-block-accordion-heading__toggle\"><span class=\"wp-block-accordion-heading__toggle-title\">D-Vide &#8211; 2005<\/span><span class=\"wp-block-accordion-heading__toggle-icon\" aria-hidden=\"true\">+<\/span><\/button><\/h3>\n\n\n\n<div inert aria-labelledby=\"accordion-item-5\" data-wp-bind--inert=\"!state.isOpen\" id=\"accordion-item-5-panel\" role=\"region\" class=\"wp-block-accordion-panel is-layout-flow wp-block-accordion-panel-is-layout-flow\">\n<iframe width=\"560\" height=\"315\" \nsrc=\"https:\/\/www.youtube-nocookie.com\/embed\/v-BYWT8V_sU?rel=0\" title=\"YouTube video player\" frameborder=\"0\"\nloading=\"lazy\"\nallow=\"accelerometer; autoplay; clipboard-write; encrypted-media; gyroscope; picture-in-picture; web-share\" referrerpolicy=\"strict-origin-when-cross-origin\" allowfullscreen><\/iframe>\n\n\n<p><strong>2005 \u2014 9 min 30 \u2014 Animation \u2014 Super 8 et num\u00e9rique \u2014 Silencieux<\/strong><br>\n<em>2005 \u2014 9 min 30 \u2014 Animation \u2014 Super 8 and Digital \u2014 Silent<\/em><\/p>\n\n<p>Tissage num\u00e9rique image par image d&rsquo;un ruban de Super 8 transf\u00e9r\u00e9 artisanalement en mini DV.<br>\n<em>Digital image-by-image weaving of a Super 8 strip, hand-transferred to mini-DV.<\/em><\/p>\n\n<p>Ce film a \u00e9t\u00e9 projet\u00e9 aux Rencontres Internationales Paris-Berlin en 2006, au Festival Pulsar de Caracas au V\u00e9n\u00e9zuela en 2006, et au Festival du Cin\u00e9ma Fran\u00e7ais \u00e0 Jakarta en Indon\u00e9sie en 2006. <br>\n<em>This film was screened at the Rencontres Internationales Paris\u2013Berlin in 2006, the Pulsar Festival in Caracas (Venezuela) in 2006, and the French Film Festival in Jakarta (Indonesia) in 2006.<\/em><\/p>\n<\/div>\n<\/div>\n<\/div>\n\n\n\n<div data-wp-context=\"{ &quot;autoclose&quot;: false, &quot;accordionItems&quot;: [] }\" data-wp-interactive=\"core\/accordion\" role=\"group\" class=\"wp-block-accordion is-layout-flow wp-block-accordion-is-layout-flow\">\n<div data-wp-class--is-open=\"state.isOpen\" data-wp-context=\"{ &quot;id&quot;: &quot;accordion-item-6&quot;, &quot;openByDefault&quot;: false }\" data-wp-init=\"callbacks.initAccordionItems\" data-wp-on-window--hashchange=\"callbacks.hashChange\" class=\"wp-block-accordion-item is-layout-flow wp-block-accordion-item-is-layout-flow\">\n<h3 class=\"wp-block-accordion-heading\"><button aria-expanded=\"false\" aria-controls=\"accordion-item-6-panel\" data-wp-bind--aria-expanded=\"state.isOpen\" data-wp-on--click=\"actions.toggle\" data-wp-on--keydown=\"actions.handleKeyDown\" id=\"accordion-item-6\" type=\"button\" class=\"wp-block-accordion-heading__toggle\"><span class=\"wp-block-accordion-heading__toggle-title\">I-D &#8211; 2006<\/span><span class=\"wp-block-accordion-heading__toggle-icon\" aria-hidden=\"true\">+<\/span><\/button><\/h3>\n\n\n\n<div inert aria-labelledby=\"accordion-item-6\" data-wp-bind--inert=\"!state.isOpen\" id=\"accordion-item-6-panel\" role=\"region\" class=\"wp-block-accordion-panel is-layout-flow wp-block-accordion-panel-is-layout-flow\">\n<iframe width=\"560\" height=\"315\" \nsrc=\"https:\/\/www.youtube-nocookie.com\/embed\/Gjnbt609NZQ?rel=0\" title=\"YouTube video player\" frameborder=\"0\"\nloading=\"lazy\"\nallow=\"accelerometer; autoplay; clipboard-write; encrypted-media; gyroscope; picture-in-picture; web-share\" referrerpolicy=\"strict-origin-when-cross-origin\" allowfullscreen><\/iframe>\n\n<p><strong>2006 \u2014 55 s \u2014 Animation exp\u00e9rimentale \u2014 Couleur \u2014 Silencieux<\/strong><br>\n<em>2006 \u2014 55 s \u2014 Experimental animation \u2014 Color \u2014 Silent<\/em><\/p>\n\n<p>Film r\u00e9alis\u00e9 image par image.\nQuatre lignes color\u00e9es, dont la position et la teinte varient \u00e0 chaque image, produisent l\u2019illusion d\u2019un cube en rotation.<br>\n<em>Film made frame by frame.\nFour colored lines, whose position and color change at each frame, produce the illusion of a rotating cube.<\/em><\/p>\n\n<p>\u00c0 l\u2019arr\u00eat, l\u2019image se r\u00e9duit \u00e0 une configuration instable de lignes.\nDans son d\u00e9filement, une forme volumique appara\u00eet.<br>\n<em>When paused, the image reduces to an unstable configuration of lines.\nIn motion, a volumetric form emerges.<\/em><\/p>\n\n<p>Ce film a \u00e9t\u00e9 projet\u00e9 aux Rencontres Internationales Paris-Berlin en 2007.<br>\n<em>This film was screened at the Rencontres Internationales Paris\u2013Berlin in 2007.<\/em><\/p>\n<\/div>\n<\/div>\n<\/div>\n\n\n\n<p><\/p>\n","protected":false},"excerpt":{"rendered":"","protected":false},"author":1,"featured_media":0,"parent":0,"menu_order":0,"comment_status":"closed","ping_status":"closed","template":"","meta":{"_kad_post_transparent":"","_kad_post_title":"","_kad_post_layout":"","_kad_post_sidebar_id":"","_kad_post_content_style":"","_kad_post_vertical_padding":"","_kad_post_feature":"","_kad_post_feature_position":"","_kad_post_header":false,"_kad_post_footer":false,"_kad_post_classname":"","footnotes":""},"class_list":["post-10","page","type-page","status-publish","hentry"],"yoast_head":"<!-- This site is optimized with the Yoast SEO plugin v27.4 - https:\/\/yoast.com\/product\/yoast-seo-wordpress\/ -->\n<title>3. Films de la P\u00e9riode D - Film par Image<\/title>\n<meta name=\"description\" content=\"D\u00e9couvrez les films de la P\u00e9riode D (1998\u20132007), r\u00e9alis\u00e9s image par image, explorant diff\u00e9rentes variations d\u2019un m\u00eame principe de cin\u00e9ma exp\u00e9rimental.\" \/>\n<meta name=\"robots\" content=\"index, follow, max-snippet:-1, max-image-preview:large, max-video-preview:-1\" \/>\n<link rel=\"canonical\" href=\"https:\/\/filmparimage.com\/index.php\/films-de-la-periode-d\/\" \/>\n<meta property=\"og:locale\" content=\"fr_FR\" \/>\n<meta property=\"og:type\" content=\"article\" \/>\n<meta property=\"og:title\" content=\"3. Films de la P\u00e9riode D - Film par Image\" \/>\n<meta property=\"og:description\" content=\"D\u00e9couvrez les films de la P\u00e9riode D (1998\u20132007), r\u00e9alis\u00e9s image par image, explorant diff\u00e9rentes variations d\u2019un m\u00eame principe de cin\u00e9ma exp\u00e9rimental.\" \/>\n<meta property=\"og:url\" content=\"https:\/\/filmparimage.com\/index.php\/films-de-la-periode-d\/\" \/>\n<meta property=\"og:site_name\" content=\"Film par Image\" \/>\n<meta property=\"article:modified_time\" content=\"2026-04-01T18:32:18+00:00\" \/>\n<meta name=\"twitter:card\" content=\"summary_large_image\" \/>\n<meta name=\"twitter:label1\" content=\"Dur\u00e9e de lecture estim\u00e9e\" \/>\n\t<meta name=\"twitter:data1\" content=\"4 minutes\" \/>\n<script type=\"application\/ld+json\" class=\"yoast-schema-graph\">{\"@context\":\"https:\\\/\\\/schema.org\",\"@graph\":[{\"@type\":\"WebPage\",\"@id\":\"https:\\\/\\\/filmparimage.com\\\/index.php\\\/films-de-la-periode-d\\\/\",\"url\":\"https:\\\/\\\/filmparimage.com\\\/index.php\\\/films-de-la-periode-d\\\/\",\"name\":\"3. Films de la P\u00e9riode D - Film par Image\",\"isPartOf\":{\"@id\":\"https:\\\/\\\/filmparimage.com\\\/#website\"},\"datePublished\":\"2025-11-18T15:19:17+00:00\",\"dateModified\":\"2026-04-01T18:32:18+00:00\",\"description\":\"D\u00e9couvrez les films de la P\u00e9riode D (1998\u20132007), r\u00e9alis\u00e9s image par image, explorant diff\u00e9rentes variations d\u2019un m\u00eame principe de cin\u00e9ma exp\u00e9rimental.\",\"breadcrumb\":{\"@id\":\"https:\\\/\\\/filmparimage.com\\\/index.php\\\/films-de-la-periode-d\\\/#breadcrumb\"},\"inLanguage\":\"fr-FR\",\"potentialAction\":[{\"@type\":\"ReadAction\",\"target\":[\"https:\\\/\\\/filmparimage.com\\\/index.php\\\/films-de-la-periode-d\\\/\"]}]},{\"@type\":\"BreadcrumbList\",\"@id\":\"https:\\\/\\\/filmparimage.com\\\/index.php\\\/films-de-la-periode-d\\\/#breadcrumb\",\"itemListElement\":[{\"@type\":\"ListItem\",\"position\":1,\"name\":\"Accueil\",\"item\":\"https:\\\/\\\/filmparimage.com\\\/\"},{\"@type\":\"ListItem\",\"position\":2,\"name\":\"3. Films de la P\u00e9riode D\"}]},{\"@type\":\"WebSite\",\"@id\":\"https:\\\/\\\/filmparimage.com\\\/#website\",\"url\":\"https:\\\/\\\/filmparimage.com\\\/\",\"name\":\"Film par Image - Legrand Sylvain\",\"description\":\"\",\"publisher\":{\"@id\":\"https:\\\/\\\/filmparimage.com\\\/#\\\/schema\\\/person\\\/547f34e67d715f096435a0797e067057\"},\"potentialAction\":[{\"@type\":\"SearchAction\",\"target\":{\"@type\":\"EntryPoint\",\"urlTemplate\":\"https:\\\/\\\/filmparimage.com\\\/?s={search_term_string}\"},\"query-input\":{\"@type\":\"PropertyValueSpecification\",\"valueRequired\":true,\"valueName\":\"search_term_string\"}}],\"inLanguage\":\"fr-FR\"},{\"@type\":[\"Person\",\"Organization\"],\"@id\":\"https:\\\/\\\/filmparimage.com\\\/#\\\/schema\\\/person\\\/547f34e67d715f096435a0797e067057\",\"name\":\"Legrand Sylvain\",\"image\":{\"@type\":\"ImageObject\",\"inLanguage\":\"fr-FR\",\"@id\":\"https:\\\/\\\/secure.gravatar.com\\\/avatar\\\/4c54330c34bb47c87bbfae03180577b9fd3515a5cf7d9f703668c6e5d68f0541?s=96&d=mm&r=g\",\"url\":\"https:\\\/\\\/secure.gravatar.com\\\/avatar\\\/4c54330c34bb47c87bbfae03180577b9fd3515a5cf7d9f703668c6e5d68f0541?s=96&d=mm&r=g\",\"contentUrl\":\"https:\\\/\\\/secure.gravatar.com\\\/avatar\\\/4c54330c34bb47c87bbfae03180577b9fd3515a5cf7d9f703668c6e5d68f0541?s=96&d=mm&r=g\",\"caption\":\"Legrand Sylvain\"},\"logo\":{\"@id\":\"https:\\\/\\\/secure.gravatar.com\\\/avatar\\\/4c54330c34bb47c87bbfae03180577b9fd3515a5cf7d9f703668c6e5d68f0541?s=96&d=mm&r=g\"},\"sameAs\":[\"http:\\\/\\\/filmparimage.com\"]}]}<\/script>\n<!-- \/ Yoast SEO plugin. -->","yoast_head_json":{"title":"3. Films de la P\u00e9riode D - Film par Image","description":"D\u00e9couvrez les films de la P\u00e9riode D (1998\u20132007), r\u00e9alis\u00e9s image par image, explorant diff\u00e9rentes variations d\u2019un m\u00eame principe de cin\u00e9ma exp\u00e9rimental.","robots":{"index":"index","follow":"follow","max-snippet":"max-snippet:-1","max-image-preview":"max-image-preview:large","max-video-preview":"max-video-preview:-1"},"canonical":"https:\/\/filmparimage.com\/index.php\/films-de-la-periode-d\/","og_locale":"fr_FR","og_type":"article","og_title":"3. Films de la P\u00e9riode D - Film par Image","og_description":"D\u00e9couvrez les films de la P\u00e9riode D (1998\u20132007), r\u00e9alis\u00e9s image par image, explorant diff\u00e9rentes variations d\u2019un m\u00eame principe de cin\u00e9ma exp\u00e9rimental.","og_url":"https:\/\/filmparimage.com\/index.php\/films-de-la-periode-d\/","og_site_name":"Film par Image","article_modified_time":"2026-04-01T18:32:18+00:00","twitter_card":"summary_large_image","twitter_misc":{"Dur\u00e9e de lecture estim\u00e9e":"4 minutes"},"schema":{"@context":"https:\/\/schema.org","@graph":[{"@type":"WebPage","@id":"https:\/\/filmparimage.com\/index.php\/films-de-la-periode-d\/","url":"https:\/\/filmparimage.com\/index.php\/films-de-la-periode-d\/","name":"3. Films de la P\u00e9riode D - Film par Image","isPartOf":{"@id":"https:\/\/filmparimage.com\/#website"},"datePublished":"2025-11-18T15:19:17+00:00","dateModified":"2026-04-01T18:32:18+00:00","description":"D\u00e9couvrez les films de la P\u00e9riode D (1998\u20132007), r\u00e9alis\u00e9s image par image, explorant diff\u00e9rentes variations d\u2019un m\u00eame principe de cin\u00e9ma exp\u00e9rimental.","breadcrumb":{"@id":"https:\/\/filmparimage.com\/index.php\/films-de-la-periode-d\/#breadcrumb"},"inLanguage":"fr-FR","potentialAction":[{"@type":"ReadAction","target":["https:\/\/filmparimage.com\/index.php\/films-de-la-periode-d\/"]}]},{"@type":"BreadcrumbList","@id":"https:\/\/filmparimage.com\/index.php\/films-de-la-periode-d\/#breadcrumb","itemListElement":[{"@type":"ListItem","position":1,"name":"Accueil","item":"https:\/\/filmparimage.com\/"},{"@type":"ListItem","position":2,"name":"3. Films de la P\u00e9riode D"}]},{"@type":"WebSite","@id":"https:\/\/filmparimage.com\/#website","url":"https:\/\/filmparimage.com\/","name":"Film par Image - Legrand Sylvain","description":"","publisher":{"@id":"https:\/\/filmparimage.com\/#\/schema\/person\/547f34e67d715f096435a0797e067057"},"potentialAction":[{"@type":"SearchAction","target":{"@type":"EntryPoint","urlTemplate":"https:\/\/filmparimage.com\/?s={search_term_string}"},"query-input":{"@type":"PropertyValueSpecification","valueRequired":true,"valueName":"search_term_string"}}],"inLanguage":"fr-FR"},{"@type":["Person","Organization"],"@id":"https:\/\/filmparimage.com\/#\/schema\/person\/547f34e67d715f096435a0797e067057","name":"Legrand Sylvain","image":{"@type":"ImageObject","inLanguage":"fr-FR","@id":"https:\/\/secure.gravatar.com\/avatar\/4c54330c34bb47c87bbfae03180577b9fd3515a5cf7d9f703668c6e5d68f0541?s=96&d=mm&r=g","url":"https:\/\/secure.gravatar.com\/avatar\/4c54330c34bb47c87bbfae03180577b9fd3515a5cf7d9f703668c6e5d68f0541?s=96&d=mm&r=g","contentUrl":"https:\/\/secure.gravatar.com\/avatar\/4c54330c34bb47c87bbfae03180577b9fd3515a5cf7d9f703668c6e5d68f0541?s=96&d=mm&r=g","caption":"Legrand Sylvain"},"logo":{"@id":"https:\/\/secure.gravatar.com\/avatar\/4c54330c34bb47c87bbfae03180577b9fd3515a5cf7d9f703668c6e5d68f0541?s=96&d=mm&r=g"},"sameAs":["http:\/\/filmparimage.com"]}]}},"_links":{"self":[{"href":"https:\/\/filmparimage.com\/index.php\/wp-json\/wp\/v2\/pages\/10","targetHints":{"allow":["GET"]}}],"collection":[{"href":"https:\/\/filmparimage.com\/index.php\/wp-json\/wp\/v2\/pages"}],"about":[{"href":"https:\/\/filmparimage.com\/index.php\/wp-json\/wp\/v2\/types\/page"}],"author":[{"embeddable":true,"href":"https:\/\/filmparimage.com\/index.php\/wp-json\/wp\/v2\/users\/1"}],"replies":[{"embeddable":true,"href":"https:\/\/filmparimage.com\/index.php\/wp-json\/wp\/v2\/comments?post=10"}],"version-history":[{"count":50,"href":"https:\/\/filmparimage.com\/index.php\/wp-json\/wp\/v2\/pages\/10\/revisions"}],"predecessor-version":[{"id":926,"href":"https:\/\/filmparimage.com\/index.php\/wp-json\/wp\/v2\/pages\/10\/revisions\/926"}],"wp:attachment":[{"href":"https:\/\/filmparimage.com\/index.php\/wp-json\/wp\/v2\/media?parent=10"}],"curies":[{"name":"wp","href":"https:\/\/api.w.org\/{rel}","templated":true}]}}