{"id":137,"date":"2025-12-14T17:33:41","date_gmt":"2025-12-14T16:33:41","guid":{"rendered":"https:\/\/filmparimage.com\/?page_id=137"},"modified":"2026-02-11T21:08:18","modified_gmt":"2026-02-11T20:08:18","slug":"films","status":"publish","type":"page","link":"https:\/\/filmparimage.com\/index.php\/films\/","title":{"rendered":"3. Films"},"content":{"rendered":"\n<h2 class=\"wp-block-heading\" style=\"font-size:24px\"><strong>P\u00e9riode D<\/strong><\/h2>\n\n\n\n<p>Ensemble de films r\u00e9alis\u00e9s \u00e0 partir d\u2019un m\u00eame principe image par image, o\u00f9 chaque \u0153uvre explore une variation d\u2019un proc\u00e9d\u00e9 commun. La P\u00e9riode D constitue le premier cycle de ce travail.<\/p>\n\n\n\n<p>Cette s\u00e9rie s\u2019inscrit dans une recherche en cin\u00e9ma exp\u00e9rimental centr\u00e9e sur le montage et la perception du mouvement. R\u00e9alis\u00e9s en partie en Super 8, ces films interrogent ce qui appara\u00eet uniquement dans le d\u00e9filement des images.<\/p>\n\n\n\n<p><em>A collection of films made between 1998 and 2007, based on the same frame-by-frame principle, where each work explores a variation of a common process.<\/em> <em>Period D constitutes the first cycle of this work.<br>This series is part of an experimental film research project focused on editing and the perception of movement. Shot partly on Super 8, these films explore what appears solely in the flow of images.<\/em><\/p>\n\n\n\n<p>\u2192 <em><strong><a href=\"https:\/\/filmparimage.com\/index.php\/films-de-la-periode-d\/\">Voir les films de la P\u00e9riode D<\/a><\/strong><\/em><\/p>\n","protected":false},"excerpt":{"rendered":"<p>P\u00e9riode D Ensemble de films r\u00e9alis\u00e9s \u00e0 partir d\u2019un m\u00eame principe image par image, o\u00f9 chaque \u0153uvre explore une variation d\u2019un proc\u00e9d\u00e9 commun. La P\u00e9riode D constitue le premier cycle de ce travail. Cette s\u00e9rie s\u2019inscrit dans une recherche en cin\u00e9ma exp\u00e9rimental centr\u00e9e sur le montage et la perception du mouvement. R\u00e9alis\u00e9s en partie en&#8230;<\/p>\n","protected":false},"author":1,"featured_media":0,"parent":0,"menu_order":0,"comment_status":"closed","ping_status":"closed","template":"","meta":{"_kad_post_transparent":"","_kad_post_title":"","_kad_post_layout":"","_kad_post_sidebar_id":"","_kad_post_content_style":"","_kad_post_vertical_padding":"","_kad_post_feature":"","_kad_post_feature_position":"","_kad_post_header":false,"_kad_post_footer":false,"_kad_post_classname":"","footnotes":""},"class_list":["post-137","page","type-page","status-publish","hentry"],"yoast_head":"<!-- This site is optimized with the Yoast SEO plugin v27.4 - https:\/\/yoast.com\/product\/yoast-seo-wordpress\/ -->\n<title>3. Films - Film par Image<\/title>\n<meta name=\"description\" content=\"P\u00e9riode D : ensemble de films exp\u00e9rimentaux r\u00e9alis\u00e9s image par image par Legrand Sylvain, explorant un proc\u00e9d\u00e9 o\u00f9 le mouvement fait appara\u00eetre des formes invisibles.\" \/>\n<meta name=\"robots\" content=\"index, follow, max-snippet:-1, max-image-preview:large, max-video-preview:-1\" \/>\n<link rel=\"canonical\" href=\"https:\/\/filmparimage.com\/index.php\/films\/\" \/>\n<meta property=\"og:locale\" content=\"fr_FR\" \/>\n<meta property=\"og:type\" content=\"article\" \/>\n<meta property=\"og:title\" content=\"3. Films - Film par Image\" \/>\n<meta property=\"og:description\" content=\"P\u00e9riode D : ensemble de films exp\u00e9rimentaux r\u00e9alis\u00e9s image par image par Legrand Sylvain, explorant un proc\u00e9d\u00e9 o\u00f9 le mouvement fait appara\u00eetre des formes invisibles.\" \/>\n<meta property=\"og:url\" content=\"https:\/\/filmparimage.com\/index.php\/films\/\" \/>\n<meta property=\"og:site_name\" content=\"Film par Image\" \/>\n<meta property=\"article:modified_time\" content=\"2026-02-11T20:08:18+00:00\" \/>\n<meta name=\"twitter:card\" content=\"summary_large_image\" \/>\n<meta name=\"twitter:label1\" content=\"Dur\u00e9e de lecture estim\u00e9e\" \/>\n\t<meta name=\"twitter:data1\" content=\"1 minute\" \/>\n<script type=\"application\/ld+json\" class=\"yoast-schema-graph\">{\"@context\":\"https:\\\/\\\/schema.org\",\"@graph\":[{\"@type\":\"WebPage\",\"@id\":\"https:\\\/\\\/filmparimage.com\\\/index.php\\\/films\\\/\",\"url\":\"https:\\\/\\\/filmparimage.com\\\/index.php\\\/films\\\/\",\"name\":\"3. Films - Film par Image\",\"isPartOf\":{\"@id\":\"https:\\\/\\\/filmparimage.com\\\/#website\"},\"datePublished\":\"2025-12-14T16:33:41+00:00\",\"dateModified\":\"2026-02-11T20:08:18+00:00\",\"description\":\"P\u00e9riode D : ensemble de films exp\u00e9rimentaux r\u00e9alis\u00e9s image par image par Legrand Sylvain, explorant un proc\u00e9d\u00e9 o\u00f9 le mouvement fait appara\u00eetre des formes invisibles.\",\"breadcrumb\":{\"@id\":\"https:\\\/\\\/filmparimage.com\\\/index.php\\\/films\\\/#breadcrumb\"},\"inLanguage\":\"fr-FR\",\"potentialAction\":[{\"@type\":\"ReadAction\",\"target\":[\"https:\\\/\\\/filmparimage.com\\\/index.php\\\/films\\\/\"]}]},{\"@type\":\"BreadcrumbList\",\"@id\":\"https:\\\/\\\/filmparimage.com\\\/index.php\\\/films\\\/#breadcrumb\",\"itemListElement\":[{\"@type\":\"ListItem\",\"position\":1,\"name\":\"Accueil\",\"item\":\"https:\\\/\\\/filmparimage.com\\\/\"},{\"@type\":\"ListItem\",\"position\":2,\"name\":\"3. Films\"}]},{\"@type\":\"WebSite\",\"@id\":\"https:\\\/\\\/filmparimage.com\\\/#website\",\"url\":\"https:\\\/\\\/filmparimage.com\\\/\",\"name\":\"Film par Image - Legrand Sylvain\",\"description\":\"\",\"publisher\":{\"@id\":\"https:\\\/\\\/filmparimage.com\\\/#\\\/schema\\\/person\\\/547f34e67d715f096435a0797e067057\"},\"potentialAction\":[{\"@type\":\"SearchAction\",\"target\":{\"@type\":\"EntryPoint\",\"urlTemplate\":\"https:\\\/\\\/filmparimage.com\\\/?s={search_term_string}\"},\"query-input\":{\"@type\":\"PropertyValueSpecification\",\"valueRequired\":true,\"valueName\":\"search_term_string\"}}],\"inLanguage\":\"fr-FR\"},{\"@type\":[\"Person\",\"Organization\"],\"@id\":\"https:\\\/\\\/filmparimage.com\\\/#\\\/schema\\\/person\\\/547f34e67d715f096435a0797e067057\",\"name\":\"Legrand Sylvain\",\"image\":{\"@type\":\"ImageObject\",\"inLanguage\":\"fr-FR\",\"@id\":\"https:\\\/\\\/secure.gravatar.com\\\/avatar\\\/4c54330c34bb47c87bbfae03180577b9fd3515a5cf7d9f703668c6e5d68f0541?s=96&d=mm&r=g\",\"url\":\"https:\\\/\\\/secure.gravatar.com\\\/avatar\\\/4c54330c34bb47c87bbfae03180577b9fd3515a5cf7d9f703668c6e5d68f0541?s=96&d=mm&r=g\",\"contentUrl\":\"https:\\\/\\\/secure.gravatar.com\\\/avatar\\\/4c54330c34bb47c87bbfae03180577b9fd3515a5cf7d9f703668c6e5d68f0541?s=96&d=mm&r=g\",\"caption\":\"Legrand Sylvain\"},\"logo\":{\"@id\":\"https:\\\/\\\/secure.gravatar.com\\\/avatar\\\/4c54330c34bb47c87bbfae03180577b9fd3515a5cf7d9f703668c6e5d68f0541?s=96&d=mm&r=g\"},\"sameAs\":[\"http:\\\/\\\/filmparimage.com\"]}]}<\/script>\n<!-- \/ Yoast SEO plugin. -->","yoast_head_json":{"title":"3. Films - Film par Image","description":"P\u00e9riode D : ensemble de films exp\u00e9rimentaux r\u00e9alis\u00e9s image par image par Legrand Sylvain, explorant un proc\u00e9d\u00e9 o\u00f9 le mouvement fait appara\u00eetre des formes invisibles.","robots":{"index":"index","follow":"follow","max-snippet":"max-snippet:-1","max-image-preview":"max-image-preview:large","max-video-preview":"max-video-preview:-1"},"canonical":"https:\/\/filmparimage.com\/index.php\/films\/","og_locale":"fr_FR","og_type":"article","og_title":"3. Films - Film par Image","og_description":"P\u00e9riode D : ensemble de films exp\u00e9rimentaux r\u00e9alis\u00e9s image par image par Legrand Sylvain, explorant un proc\u00e9d\u00e9 o\u00f9 le mouvement fait appara\u00eetre des formes invisibles.","og_url":"https:\/\/filmparimage.com\/index.php\/films\/","og_site_name":"Film par Image","article_modified_time":"2026-02-11T20:08:18+00:00","twitter_card":"summary_large_image","twitter_misc":{"Dur\u00e9e de lecture estim\u00e9e":"1 minute"},"schema":{"@context":"https:\/\/schema.org","@graph":[{"@type":"WebPage","@id":"https:\/\/filmparimage.com\/index.php\/films\/","url":"https:\/\/filmparimage.com\/index.php\/films\/","name":"3. Films - Film par Image","isPartOf":{"@id":"https:\/\/filmparimage.com\/#website"},"datePublished":"2025-12-14T16:33:41+00:00","dateModified":"2026-02-11T20:08:18+00:00","description":"P\u00e9riode D : ensemble de films exp\u00e9rimentaux r\u00e9alis\u00e9s image par image par Legrand Sylvain, explorant un proc\u00e9d\u00e9 o\u00f9 le mouvement fait appara\u00eetre des formes invisibles.","breadcrumb":{"@id":"https:\/\/filmparimage.com\/index.php\/films\/#breadcrumb"},"inLanguage":"fr-FR","potentialAction":[{"@type":"ReadAction","target":["https:\/\/filmparimage.com\/index.php\/films\/"]}]},{"@type":"BreadcrumbList","@id":"https:\/\/filmparimage.com\/index.php\/films\/#breadcrumb","itemListElement":[{"@type":"ListItem","position":1,"name":"Accueil","item":"https:\/\/filmparimage.com\/"},{"@type":"ListItem","position":2,"name":"3. Films"}]},{"@type":"WebSite","@id":"https:\/\/filmparimage.com\/#website","url":"https:\/\/filmparimage.com\/","name":"Film par Image - Legrand Sylvain","description":"","publisher":{"@id":"https:\/\/filmparimage.com\/#\/schema\/person\/547f34e67d715f096435a0797e067057"},"potentialAction":[{"@type":"SearchAction","target":{"@type":"EntryPoint","urlTemplate":"https:\/\/filmparimage.com\/?s={search_term_string}"},"query-input":{"@type":"PropertyValueSpecification","valueRequired":true,"valueName":"search_term_string"}}],"inLanguage":"fr-FR"},{"@type":["Person","Organization"],"@id":"https:\/\/filmparimage.com\/#\/schema\/person\/547f34e67d715f096435a0797e067057","name":"Legrand Sylvain","image":{"@type":"ImageObject","inLanguage":"fr-FR","@id":"https:\/\/secure.gravatar.com\/avatar\/4c54330c34bb47c87bbfae03180577b9fd3515a5cf7d9f703668c6e5d68f0541?s=96&d=mm&r=g","url":"https:\/\/secure.gravatar.com\/avatar\/4c54330c34bb47c87bbfae03180577b9fd3515a5cf7d9f703668c6e5d68f0541?s=96&d=mm&r=g","contentUrl":"https:\/\/secure.gravatar.com\/avatar\/4c54330c34bb47c87bbfae03180577b9fd3515a5cf7d9f703668c6e5d68f0541?s=96&d=mm&r=g","caption":"Legrand Sylvain"},"logo":{"@id":"https:\/\/secure.gravatar.com\/avatar\/4c54330c34bb47c87bbfae03180577b9fd3515a5cf7d9f703668c6e5d68f0541?s=96&d=mm&r=g"},"sameAs":["http:\/\/filmparimage.com"]}]}},"_links":{"self":[{"href":"https:\/\/filmparimage.com\/index.php\/wp-json\/wp\/v2\/pages\/137","targetHints":{"allow":["GET"]}}],"collection":[{"href":"https:\/\/filmparimage.com\/index.php\/wp-json\/wp\/v2\/pages"}],"about":[{"href":"https:\/\/filmparimage.com\/index.php\/wp-json\/wp\/v2\/types\/page"}],"author":[{"embeddable":true,"href":"https:\/\/filmparimage.com\/index.php\/wp-json\/wp\/v2\/users\/1"}],"replies":[{"embeddable":true,"href":"https:\/\/filmparimage.com\/index.php\/wp-json\/wp\/v2\/comments?post=137"}],"version-history":[{"count":9,"href":"https:\/\/filmparimage.com\/index.php\/wp-json\/wp\/v2\/pages\/137\/revisions"}],"predecessor-version":[{"id":848,"href":"https:\/\/filmparimage.com\/index.php\/wp-json\/wp\/v2\/pages\/137\/revisions\/848"}],"wp:attachment":[{"href":"https:\/\/filmparimage.com\/index.php\/wp-json\/wp\/v2\/media?parent=137"}],"curies":[{"name":"wp","href":"https:\/\/api.w.org\/{rel}","templated":true}]}}