{"id":6,"date":"2025-11-18T16:10:16","date_gmt":"2025-11-18T15:10:16","guid":{"rendered":"https:\/\/filmparimage.com\/?page_id=6"},"modified":"2026-03-25T10:06:03","modified_gmt":"2026-03-25T09:06:03","slug":"1-accueil","status":"publish","type":"page","link":"https:\/\/filmparimage.com\/","title":{"rendered":"1. Accueil"},"content":{"rendered":"\n<h4 class=\"wp-block-heading has-text-align-left\">Des images qui n\u2019existent que dans leur passage.<br>Des phrases qui pr\u00e9c\u00e8dent ce avec quoi elles r\u00e9sonnent.<\/h4>\n\n\n\n<p class=\"has-text-align-left\">Images that exist only in their passage.<br>Sentences that precede what they resonate with.<\/p>\n\n\n\n<div style=\"height:9px\" aria-hidden=\"true\" class=\"wp-block-spacer\"><\/div>\n\n\n\n<h2 class=\"wp-block-heading\">Film par Image<\/h2>\n\n\n\n<h3 class=\"wp-block-heading\">Sylvain Legrand<\/h3>\n\n\n\n<div style=\"height:29px\" aria-hidden=\"true\" class=\"wp-block-spacer\"><\/div>\n\n\n\n<p><em>Auteur du <a href=\"https:\/\/filmparimage.com\/index.php\/cinescriptographe\/\">corpus des Cin\u00e9scriptographes<\/a><\/em><\/p>\n\n\n\n<p>Bienvenue sur mon site pr\u00e9sentant mes diff\u00e9rents travaux de cin\u00e9ma exp\u00e9rimental.<\/p>\n\n\n\n<p>Welcome to my website showcasing my various experimental film works.<\/p>\n\n\n\n<p class=\"has-text-align-left\">Voir les <a href=\"https:\/\/filmparimage.com\/index.php\/films\/\">films<\/a> \u00b7 Continuer vers <a href=\"https:\/\/filmparimage.com\/index.php\/2-a-propos\/\">\u00e0 propos<\/a><\/p>\n","protected":false},"excerpt":{"rendered":"<p>Des images qui n\u2019existent que dans leur passage.Des phrases qui pr\u00e9c\u00e8dent ce avec quoi elles r\u00e9sonnent. Images that exist only in their passage.Sentences that precede what they resonate with. Film par Image Sylvain Legrand Auteur du corpus des Cin\u00e9scriptographes Bienvenue sur mon site pr\u00e9sentant mes diff\u00e9rents travaux de cin\u00e9ma exp\u00e9rimental. Welcome to my website showcasing&#8230;<\/p>\n","protected":false},"author":1,"featured_media":0,"parent":0,"menu_order":0,"comment_status":"closed","ping_status":"closed","template":"","meta":{"_kad_post_transparent":"","_kad_post_title":"","_kad_post_layout":"","_kad_post_sidebar_id":"","_kad_post_content_style":"","_kad_post_vertical_padding":"","_kad_post_feature":"","_kad_post_feature_position":"","_kad_post_header":false,"_kad_post_footer":false,"_kad_post_classname":"","footnotes":""},"class_list":["post-6","page","type-page","status-publish","hentry"],"yoast_head":"<!-- This site is optimized with the Yoast SEO plugin v27.3 - https:\/\/yoast.com\/product\/yoast-seo-wordpress\/ -->\n<title>1. Accueil - Film par Image<\/title>\n<meta name=\"description\" content=\"Site officiel de Sylvain Legrand. Cin\u00e9ma exp\u00e9rimental, cin\u00e9scriptographe et recherches autour de l\u2019image, de la m\u00e9moire et de l\u2019\u00e9criture filmique.\" \/>\n<meta name=\"robots\" content=\"index, follow, max-snippet:-1, max-image-preview:large, max-video-preview:-1\" \/>\n<link rel=\"canonical\" href=\"https:\/\/filmparimage.com\/\" \/>\n<meta property=\"og:locale\" content=\"fr_FR\" \/>\n<meta property=\"og:type\" content=\"article\" \/>\n<meta property=\"og:title\" content=\"1. Accueil - Film par Image\" \/>\n<meta property=\"og:description\" content=\"Site officiel de Sylvain Legrand. Cin\u00e9ma exp\u00e9rimental, cin\u00e9scriptographe et recherches autour de l\u2019image, de la m\u00e9moire et de l\u2019\u00e9criture filmique.\" \/>\n<meta property=\"og:url\" content=\"https:\/\/filmparimage.com\/\" \/>\n<meta property=\"og:site_name\" content=\"Film par Image\" \/>\n<meta property=\"article:modified_time\" content=\"2026-03-25T09:06:03+00:00\" \/>\n<meta name=\"twitter:card\" content=\"summary_large_image\" \/>\n<meta name=\"twitter:label1\" content=\"Dur\u00e9e de lecture estim\u00e9e\" \/>\n\t<meta name=\"twitter:data1\" content=\"1 minute\" \/>\n<script type=\"application\/ld+json\" class=\"yoast-schema-graph\">{\"@context\":\"https:\\\/\\\/schema.org\",\"@graph\":[{\"@type\":\"WebPage\",\"@id\":\"https:\\\/\\\/filmparimage.com\\\/\",\"url\":\"https:\\\/\\\/filmparimage.com\\\/\",\"name\":\"1. Accueil - Film par Image\",\"isPartOf\":{\"@id\":\"https:\\\/\\\/filmparimage.com\\\/#website\"},\"datePublished\":\"2025-11-18T15:10:16+00:00\",\"dateModified\":\"2026-03-25T09:06:03+00:00\",\"description\":\"Site officiel de Sylvain Legrand. Cin\u00e9ma exp\u00e9rimental, cin\u00e9scriptographe et recherches autour de l\u2019image, de la m\u00e9moire et de l\u2019\u00e9criture filmique.\",\"breadcrumb\":{\"@id\":\"https:\\\/\\\/filmparimage.com\\\/#breadcrumb\"},\"inLanguage\":\"fr-FR\",\"potentialAction\":[{\"@type\":\"ReadAction\",\"target\":[\"https:\\\/\\\/filmparimage.com\\\/\"]}]},{\"@type\":\"BreadcrumbList\",\"@id\":\"https:\\\/\\\/filmparimage.com\\\/#breadcrumb\",\"itemListElement\":[{\"@type\":\"ListItem\",\"position\":1,\"name\":\"Accueil\",\"item\":\"https:\\\/\\\/filmparimage.com\\\/\"},{\"@type\":\"ListItem\",\"position\":2,\"name\":\"1. Accueil\"}]},{\"@type\":\"WebSite\",\"@id\":\"https:\\\/\\\/filmparimage.com\\\/#website\",\"url\":\"https:\\\/\\\/filmparimage.com\\\/\",\"name\":\"Film par Image - Legrand Sylvain\",\"description\":\"\",\"publisher\":{\"@id\":\"https:\\\/\\\/filmparimage.com\\\/#\\\/schema\\\/person\\\/547f34e67d715f096435a0797e067057\"},\"potentialAction\":[{\"@type\":\"SearchAction\",\"target\":{\"@type\":\"EntryPoint\",\"urlTemplate\":\"https:\\\/\\\/filmparimage.com\\\/?s={search_term_string}\"},\"query-input\":{\"@type\":\"PropertyValueSpecification\",\"valueRequired\":true,\"valueName\":\"search_term_string\"}}],\"inLanguage\":\"fr-FR\"},{\"@type\":[\"Person\",\"Organization\"],\"@id\":\"https:\\\/\\\/filmparimage.com\\\/#\\\/schema\\\/person\\\/547f34e67d715f096435a0797e067057\",\"name\":\"Legrand Sylvain\",\"image\":{\"@type\":\"ImageObject\",\"inLanguage\":\"fr-FR\",\"@id\":\"https:\\\/\\\/secure.gravatar.com\\\/avatar\\\/4c54330c34bb47c87bbfae03180577b9fd3515a5cf7d9f703668c6e5d68f0541?s=96&d=mm&r=g\",\"url\":\"https:\\\/\\\/secure.gravatar.com\\\/avatar\\\/4c54330c34bb47c87bbfae03180577b9fd3515a5cf7d9f703668c6e5d68f0541?s=96&d=mm&r=g\",\"contentUrl\":\"https:\\\/\\\/secure.gravatar.com\\\/avatar\\\/4c54330c34bb47c87bbfae03180577b9fd3515a5cf7d9f703668c6e5d68f0541?s=96&d=mm&r=g\",\"caption\":\"Legrand Sylvain\"},\"logo\":{\"@id\":\"https:\\\/\\\/secure.gravatar.com\\\/avatar\\\/4c54330c34bb47c87bbfae03180577b9fd3515a5cf7d9f703668c6e5d68f0541?s=96&d=mm&r=g\"},\"sameAs\":[\"http:\\\/\\\/filmparimage.com\"]}]}<\/script>\n<!-- \/ Yoast SEO plugin. -->","yoast_head_json":{"title":"1. Accueil - Film par Image","description":"Site officiel de Sylvain Legrand. Cin\u00e9ma exp\u00e9rimental, cin\u00e9scriptographe et recherches autour de l\u2019image, de la m\u00e9moire et de l\u2019\u00e9criture filmique.","robots":{"index":"index","follow":"follow","max-snippet":"max-snippet:-1","max-image-preview":"max-image-preview:large","max-video-preview":"max-video-preview:-1"},"canonical":"https:\/\/filmparimage.com\/","og_locale":"fr_FR","og_type":"article","og_title":"1. Accueil - Film par Image","og_description":"Site officiel de Sylvain Legrand. Cin\u00e9ma exp\u00e9rimental, cin\u00e9scriptographe et recherches autour de l\u2019image, de la m\u00e9moire et de l\u2019\u00e9criture filmique.","og_url":"https:\/\/filmparimage.com\/","og_site_name":"Film par Image","article_modified_time":"2026-03-25T09:06:03+00:00","twitter_card":"summary_large_image","twitter_misc":{"Dur\u00e9e de lecture estim\u00e9e":"1 minute"},"schema":{"@context":"https:\/\/schema.org","@graph":[{"@type":"WebPage","@id":"https:\/\/filmparimage.com\/","url":"https:\/\/filmparimage.com\/","name":"1. Accueil - Film par Image","isPartOf":{"@id":"https:\/\/filmparimage.com\/#website"},"datePublished":"2025-11-18T15:10:16+00:00","dateModified":"2026-03-25T09:06:03+00:00","description":"Site officiel de Sylvain Legrand. Cin\u00e9ma exp\u00e9rimental, cin\u00e9scriptographe et recherches autour de l\u2019image, de la m\u00e9moire et de l\u2019\u00e9criture filmique.","breadcrumb":{"@id":"https:\/\/filmparimage.com\/#breadcrumb"},"inLanguage":"fr-FR","potentialAction":[{"@type":"ReadAction","target":["https:\/\/filmparimage.com\/"]}]},{"@type":"BreadcrumbList","@id":"https:\/\/filmparimage.com\/#breadcrumb","itemListElement":[{"@type":"ListItem","position":1,"name":"Accueil","item":"https:\/\/filmparimage.com\/"},{"@type":"ListItem","position":2,"name":"1. Accueil"}]},{"@type":"WebSite","@id":"https:\/\/filmparimage.com\/#website","url":"https:\/\/filmparimage.com\/","name":"Film par Image - Legrand Sylvain","description":"","publisher":{"@id":"https:\/\/filmparimage.com\/#\/schema\/person\/547f34e67d715f096435a0797e067057"},"potentialAction":[{"@type":"SearchAction","target":{"@type":"EntryPoint","urlTemplate":"https:\/\/filmparimage.com\/?s={search_term_string}"},"query-input":{"@type":"PropertyValueSpecification","valueRequired":true,"valueName":"search_term_string"}}],"inLanguage":"fr-FR"},{"@type":["Person","Organization"],"@id":"https:\/\/filmparimage.com\/#\/schema\/person\/547f34e67d715f096435a0797e067057","name":"Legrand Sylvain","image":{"@type":"ImageObject","inLanguage":"fr-FR","@id":"https:\/\/secure.gravatar.com\/avatar\/4c54330c34bb47c87bbfae03180577b9fd3515a5cf7d9f703668c6e5d68f0541?s=96&d=mm&r=g","url":"https:\/\/secure.gravatar.com\/avatar\/4c54330c34bb47c87bbfae03180577b9fd3515a5cf7d9f703668c6e5d68f0541?s=96&d=mm&r=g","contentUrl":"https:\/\/secure.gravatar.com\/avatar\/4c54330c34bb47c87bbfae03180577b9fd3515a5cf7d9f703668c6e5d68f0541?s=96&d=mm&r=g","caption":"Legrand Sylvain"},"logo":{"@id":"https:\/\/secure.gravatar.com\/avatar\/4c54330c34bb47c87bbfae03180577b9fd3515a5cf7d9f703668c6e5d68f0541?s=96&d=mm&r=g"},"sameAs":["http:\/\/filmparimage.com"]}]}},"_links":{"self":[{"href":"https:\/\/filmparimage.com\/index.php\/wp-json\/wp\/v2\/pages\/6","targetHints":{"allow":["GET"]}}],"collection":[{"href":"https:\/\/filmparimage.com\/index.php\/wp-json\/wp\/v2\/pages"}],"about":[{"href":"https:\/\/filmparimage.com\/index.php\/wp-json\/wp\/v2\/types\/page"}],"author":[{"embeddable":true,"href":"https:\/\/filmparimage.com\/index.php\/wp-json\/wp\/v2\/users\/1"}],"replies":[{"embeddable":true,"href":"https:\/\/filmparimage.com\/index.php\/wp-json\/wp\/v2\/comments?post=6"}],"version-history":[{"count":22,"href":"https:\/\/filmparimage.com\/index.php\/wp-json\/wp\/v2\/pages\/6\/revisions"}],"predecessor-version":[{"id":890,"href":"https:\/\/filmparimage.com\/index.php\/wp-json\/wp\/v2\/pages\/6\/revisions\/890"}],"wp:attachment":[{"href":"https:\/\/filmparimage.com\/index.php\/wp-json\/wp\/v2\/media?parent=6"}],"curies":[{"name":"wp","href":"https:\/\/api.w.org\/{rel}","templated":true}]}}