{"id":825,"date":"2026-02-09T17:12:08","date_gmt":"2026-02-09T16:12:08","guid":{"rendered":"https:\/\/filmparimage.com\/?page_id=825"},"modified":"2026-02-13T18:30:47","modified_gmt":"2026-02-13T17:30:47","slug":"note-de-cloture","status":"publish","type":"page","link":"https:\/\/filmparimage.com\/index.php\/note-de-cloture\/","title":{"rendered":"NOTE DE CL\u00d4TURE"},"content":{"rendered":"\n<p>Ce corpus de cin\u00e9scriptographes ne constitue ni une chronique des \u00e9v\u00e9nements, ni une interpr\u00e9tation du monde a posteriori.<br>Il trace un parcours d\u2019attention.<\/p>\n\n\n\n<p>Chaque cin\u00e9scriptographe na\u00eet d\u2019un d\u00e9calage : un l\u00e9ger d\u00e9placement du regard, une co\u00efncidence anodine, un d\u00e9placement physique, une perception pr\u00e9coce, une phrase entendue, une image aper\u00e7ue avant de pouvoir \u00eatre comprise. Aucun ne pr\u00e9tend expliquer ce qui arrive. Ils enregistrent la mani\u00e8re dont certains \u00e9v\u00e9nements, avant m\u00eame d\u2019\u00eatre identifi\u00e9s comme tels, entrent en r\u00e9sonance avec une exp\u00e9rience v\u00e9cue en temps r\u00e9el, partag\u00e9e de mani\u00e8re dissym\u00e9trique, sans cadre commun pour \u00eatre pens\u00e9e au moment o\u00f9 elle a lieu.<\/p>\n\n\n\n<p>Le cin\u00e9scriptographe ne proc\u00e8de pas par r\u00e9v\u00e9lation, mais par inscription.<br>Il ne pr\u00e9c\u00e8de pas les \u00e9v\u00e9nements : il enregistre la mani\u00e8re dont ils s\u2019annoncent, se pressent, affleurent \u2014 avant de devenir lisibles. L\u00e0 o\u00f9 le cin\u00e9ma fixe la lumi\u00e8re apr\u00e8s son \u00e9mission, le cin\u00e9scriptographe travaille l\u2019apercevoir, faute de pouvoir enregistrer ce qui n\u2019a pas encore pris forme.<\/p>\n\n\n\n<p>L\u2019ordre propos\u00e9 n\u2019est pas celui d\u2019une mont\u00e9e dramatique ni d\u2019une d\u00e9monstration progressive.<br>Il dessine une travers\u00e9e : des figures h\u00e9ro\u00efques ou historiques aux catastrophes collectives, des accidents techniques aux effondrements symboliques, jusqu\u2019aux seuils o\u00f9 la notion m\u00eame d\u2019\u00e9v\u00e9nement devient instable \u2014 crise syst\u00e9mique, horizon des \u00e9v\u00e9nements, scandale m\u00e9diatique global.<\/p>\n\n\n\n<p>Le Cin\u00e9scriptographe du News of the World cl\u00f4t ce parcours non parce qu\u2019il en \u00e9puiserait le principe, mais parce qu\u2019il rend pleinement lisible le r\u00e9gime dans lequel ces exp\u00e9riences ont eu lieu. \u00c0 partir de l\u00e0, ce qui avait \u00e9t\u00e9 v\u00e9cu sans langage commun devient pensable \u00e0 l\u2019\u00e9chelle collective \u2014 non comme preuve, mais comme condition historique d\u00e9sormais reconnaissable.<\/p>\n\n\n\n<p>Tous les gestes n\u2019ont pas trouv\u00e9 de r\u00e9sonance. La plupart sont rest\u00e9s sans suite. Ce corpus ne retient que certains points d\u2019intensit\u00e9, non comme preuves, mais comme traces d\u2019un rapport singulier au temps.<\/p>\n\n\n\n<p>Tous les cin\u00e9scriptographes n\u2019ont pas la m\u00eame intensit\u00e9 ; certains rel\u00e8vent d\u2019intuitions fragiles, conserv\u00e9es telles quelles. Les rapprochements num\u00e9riques ou linguistiques ne valent pas d\u00e9monstration : ils t\u00e9moignent d\u2019un cheminement.<\/p>\n\n\n\n<p>Il ne s\u2019agit ni de pr\u00e9dire, ni de s\u2019approprier les \u00e9v\u00e9nements \u2014 y compris lorsqu\u2019ils sont tragiques \u2014 mais d\u2019enregistrer la mani\u00e8re dont une perception individuelle a \u00e9t\u00e9 expos\u00e9e \u00e0 ce qui la d\u00e9passait.<\/p>\n\n\n\n<p>Ce corpus ne cherche ni la preuve, ni la r\u00e9paration, ni la reconnaissance.<br>Il fixe une forme pour que l\u2019exp\u00e9rience puisse \u00eatre d\u00e9pos\u00e9e.<\/p>\n\n\n\n<p>Ce qui est conserv\u00e9 ici n\u2019est pas l\u2019\u00e9v\u00e9nement lui-m\u00eame, mais la mani\u00e8re d\u2019y avoir \u00e9t\u00e9 expos\u00e9.<br>Ce qui se cl\u00f4t n\u2019est pas l\u2019attention au monde, mais son inscription dans l\u2019\u00e9criture.<\/p>\n\n\n\n<p>\u00c0 partir de l\u00e0, le cin\u00e9scriptographe peut encore exister \u2014 mais ailleurs : non plus n\u00e9cessairement dans le texte, mais dans le d\u00e9placement, la pr\u00e9sence, le retrait choisi de certaines \u00e9coutes.<\/p>\n\n\n\n<p>La vie reprend autrement.<br>Le film, lui, n\u2019a plus besoin d\u2019\u00eatre \u00e9crit.<br>Il a trouv\u00e9 un autre support.<\/p>\n\n\n\n<p class=\"has-text-align-center\"><a href=\"https:\/\/filmparimage.com\/index.php\/cinescriptographe-du-news-of-the-world\/\">\u2190 Revenir<\/a>\u2009\u00b7\u2009<a href=\"https:\/\/filmparimage.com\/index.php\/sommaire-cinescriptographes\/\">\u21ba Sommaire<\/a>\u2009<\/p>\n\n\n\n<hr class=\"wp-block-separator has-alpha-channel-opacity\"\/>\n\n\n\n<h3 class=\"wp-block-heading\"><strong>CLOSING NOTE<\/strong><\/h3>\n\n\n\n<p>This corpus of cin\u00e9scriptographs constitutes neither a chronicle of events nor an a posteriori interpretation of the world.<br>It traces a path of attention.<\/p>\n\n\n\n<p>Each cin\u00e9scriptograph arises from a displacement: a slight shift of gaze, an ordinary coincidence, a physical movement, an early perception, a sentence overheard, an image glimpsed before it can be understood. None of them claims to explain what happens. They record the way certain events, even before being identified as such, enter into resonance with an experience lived in real time, shared in an asymmetrical manner, without any common framework through which it could be thought at the moment it occurred.<\/p>\n\n\n\n<p>The cin\u00e9scriptograph does not proceed through revelation, but through inscription.<br>It does not precede events: it records the way they announce themselves, press forward, surface \u2014 before becoming legible. Where cinema fixes light after its emission, the cin\u00e9scriptograph works with glimpsing, for lack of being able to record what has not yet taken form.<\/p>\n\n\n\n<p>The proposed order is neither that of a dramatic escalation nor of a progressive demonstration.<br>It outlines a traversal: from heroic or historical figures to collective catastrophes, from technical accidents to symbolic collapses, up to thresholds where the very notion of the event becomes unstable \u2014 systemic crisis, event horizon, global media scandal.<\/p>\n\n\n\n<p>The <em>Cin\u00e9scriptograph of the News of the World<\/em> closes this path not because it exhausts the principle, but because it renders fully legible the regime within which these experiences took place. From that point on, what had been lived without a shared language becomes thinkable at a collective scale \u2014 not as proof, but as a historical condition now recognizable.<\/p>\n\n\n\n<p>Not all gestures resonated. Most remained without consequence. This corpus retains only certain points of intensity, not as proof, but as traces of a singular relationship to time.<br>Not all cinescriptographs possess the same intensity; some stem from fragile intuitions, preserved as they were. Numerical or linguistic comparisons do not constitute proof: they bear witness to a process.<br>It is neither a matter of predicting nor of appropriating events\u2014even when they are tragic\u2014but of recording how an individual perception was exposed to something that transcended it.<\/p>\n\n\n\n<p>This corpus seeks neither proof, nor reparation, nor recognition.<br>It fixes a form so that the experience may be laid down.<\/p>\n\n\n\n<p>What is preserved here is not the event itself, but the manner of having been exposed to it.<br>What comes to a close is not attention to the world, but its inscription in writing.<\/p>\n\n\n\n<p>From that point on, the cin\u00e9scriptograph may still exist \u2014<br>but elsewhere: no longer necessarily in the text, but in movement, presence, the chosen withdrawal from certain forms of listening.<\/p>\n\n\n\n<p>Life resumes differently.<br>The film, for its part, no longer needs to be written.<br>It has found another support.<\/p>\n\n\n\n<p class=\"has-text-align-center\"><a href=\"https:\/\/filmparimage.com\/index.php\/cinescriptographe-du-news-of-the-world\/\">\u2190 Back<\/a> \u00b7 <a href=\"https:\/\/filmparimage.com\/index.php\/sommaire-cinescriptographes\/\">\u21ba Contents<\/a><\/p>\n","protected":false},"excerpt":{"rendered":"<p>Ce corpus de cin\u00e9scriptographes ne constitue ni une chronique des \u00e9v\u00e9nements, ni une interpr\u00e9tation du monde a posteriori.Il trace un parcours d\u2019attention. Chaque cin\u00e9scriptographe na\u00eet d\u2019un d\u00e9calage : un l\u00e9ger d\u00e9placement du regard, une co\u00efncidence anodine, un d\u00e9placement physique, une perception pr\u00e9coce, une phrase entendue, une image aper\u00e7ue avant de pouvoir \u00eatre comprise. Aucun ne&#8230;<\/p>\n","protected":false},"author":1,"featured_media":0,"parent":0,"menu_order":0,"comment_status":"closed","ping_status":"closed","template":"","meta":{"_kad_post_transparent":"","_kad_post_title":"","_kad_post_layout":"","_kad_post_sidebar_id":"","_kad_post_content_style":"","_kad_post_vertical_padding":"","_kad_post_feature":"","_kad_post_feature_position":"","_kad_post_header":false,"_kad_post_footer":false,"_kad_post_classname":"","footnotes":""},"class_list":["post-825","page","type-page","status-publish","hentry"],"yoast_head":"<!-- This site is optimized with the Yoast SEO plugin v27.4 - https:\/\/yoast.com\/product\/yoast-seo-wordpress\/ -->\n<title>NOTE DE CL\u00d4TURE - Film par Image<\/title>\n<meta name=\"description\" content=\"Note de cl\u00f4ture du corpus des Cin\u00e9scriptographes : clarification du dispositif, cadre m\u00e9thodologique et positionnement de l\u2019ensemble.\" \/>\n<meta name=\"robots\" content=\"index, follow, max-snippet:-1, max-image-preview:large, max-video-preview:-1\" \/>\n<link rel=\"canonical\" href=\"https:\/\/filmparimage.com\/index.php\/note-de-cloture\/\" \/>\n<meta property=\"og:locale\" content=\"fr_FR\" \/>\n<meta property=\"og:type\" content=\"article\" \/>\n<meta property=\"og:title\" content=\"NOTE DE CL\u00d4TURE - Film par Image\" \/>\n<meta property=\"og:description\" content=\"Note de cl\u00f4ture du corpus des Cin\u00e9scriptographes : clarification du dispositif, cadre m\u00e9thodologique et positionnement de l\u2019ensemble.\" \/>\n<meta property=\"og:url\" content=\"https:\/\/filmparimage.com\/index.php\/note-de-cloture\/\" \/>\n<meta property=\"og:site_name\" content=\"Film par Image\" \/>\n<meta property=\"article:modified_time\" content=\"2026-02-13T17:30:47+00:00\" \/>\n<meta name=\"twitter:card\" content=\"summary_large_image\" \/>\n<meta name=\"twitter:label1\" content=\"Dur\u00e9e de lecture estim\u00e9e\" \/>\n\t<meta name=\"twitter:data1\" content=\"5 minutes\" \/>\n<script type=\"application\/ld+json\" class=\"yoast-schema-graph\">{\"@context\":\"https:\\\/\\\/schema.org\",\"@graph\":[{\"@type\":\"WebPage\",\"@id\":\"https:\\\/\\\/filmparimage.com\\\/index.php\\\/note-de-cloture\\\/\",\"url\":\"https:\\\/\\\/filmparimage.com\\\/index.php\\\/note-de-cloture\\\/\",\"name\":\"NOTE DE CL\u00d4TURE - Film par Image\",\"isPartOf\":{\"@id\":\"https:\\\/\\\/filmparimage.com\\\/#website\"},\"datePublished\":\"2026-02-09T16:12:08+00:00\",\"dateModified\":\"2026-02-13T17:30:47+00:00\",\"description\":\"Note de cl\u00f4ture du corpus des Cin\u00e9scriptographes : clarification du dispositif, cadre m\u00e9thodologique et positionnement de l\u2019ensemble.\",\"breadcrumb\":{\"@id\":\"https:\\\/\\\/filmparimage.com\\\/index.php\\\/note-de-cloture\\\/#breadcrumb\"},\"inLanguage\":\"fr-FR\",\"potentialAction\":[{\"@type\":\"ReadAction\",\"target\":[\"https:\\\/\\\/filmparimage.com\\\/index.php\\\/note-de-cloture\\\/\"]}]},{\"@type\":\"BreadcrumbList\",\"@id\":\"https:\\\/\\\/filmparimage.com\\\/index.php\\\/note-de-cloture\\\/#breadcrumb\",\"itemListElement\":[{\"@type\":\"ListItem\",\"position\":1,\"name\":\"Accueil\",\"item\":\"https:\\\/\\\/filmparimage.com\\\/\"},{\"@type\":\"ListItem\",\"position\":2,\"name\":\"NOTE DE CL\u00d4TURE\"}]},{\"@type\":\"WebSite\",\"@id\":\"https:\\\/\\\/filmparimage.com\\\/#website\",\"url\":\"https:\\\/\\\/filmparimage.com\\\/\",\"name\":\"Film par Image - Legrand Sylvain\",\"description\":\"\",\"publisher\":{\"@id\":\"https:\\\/\\\/filmparimage.com\\\/#\\\/schema\\\/person\\\/547f34e67d715f096435a0797e067057\"},\"potentialAction\":[{\"@type\":\"SearchAction\",\"target\":{\"@type\":\"EntryPoint\",\"urlTemplate\":\"https:\\\/\\\/filmparimage.com\\\/?s={search_term_string}\"},\"query-input\":{\"@type\":\"PropertyValueSpecification\",\"valueRequired\":true,\"valueName\":\"search_term_string\"}}],\"inLanguage\":\"fr-FR\"},{\"@type\":[\"Person\",\"Organization\"],\"@id\":\"https:\\\/\\\/filmparimage.com\\\/#\\\/schema\\\/person\\\/547f34e67d715f096435a0797e067057\",\"name\":\"Legrand Sylvain\",\"image\":{\"@type\":\"ImageObject\",\"inLanguage\":\"fr-FR\",\"@id\":\"https:\\\/\\\/secure.gravatar.com\\\/avatar\\\/4c54330c34bb47c87bbfae03180577b9fd3515a5cf7d9f703668c6e5d68f0541?s=96&d=mm&r=g\",\"url\":\"https:\\\/\\\/secure.gravatar.com\\\/avatar\\\/4c54330c34bb47c87bbfae03180577b9fd3515a5cf7d9f703668c6e5d68f0541?s=96&d=mm&r=g\",\"contentUrl\":\"https:\\\/\\\/secure.gravatar.com\\\/avatar\\\/4c54330c34bb47c87bbfae03180577b9fd3515a5cf7d9f703668c6e5d68f0541?s=96&d=mm&r=g\",\"caption\":\"Legrand Sylvain\"},\"logo\":{\"@id\":\"https:\\\/\\\/secure.gravatar.com\\\/avatar\\\/4c54330c34bb47c87bbfae03180577b9fd3515a5cf7d9f703668c6e5d68f0541?s=96&d=mm&r=g\"},\"sameAs\":[\"http:\\\/\\\/filmparimage.com\"]}]}<\/script>\n<!-- \/ Yoast SEO plugin. -->","yoast_head_json":{"title":"NOTE DE CL\u00d4TURE - Film par Image","description":"Note de cl\u00f4ture du corpus des Cin\u00e9scriptographes : clarification du dispositif, cadre m\u00e9thodologique et positionnement de l\u2019ensemble.","robots":{"index":"index","follow":"follow","max-snippet":"max-snippet:-1","max-image-preview":"max-image-preview:large","max-video-preview":"max-video-preview:-1"},"canonical":"https:\/\/filmparimage.com\/index.php\/note-de-cloture\/","og_locale":"fr_FR","og_type":"article","og_title":"NOTE DE CL\u00d4TURE - Film par Image","og_description":"Note de cl\u00f4ture du corpus des Cin\u00e9scriptographes : clarification du dispositif, cadre m\u00e9thodologique et positionnement de l\u2019ensemble.","og_url":"https:\/\/filmparimage.com\/index.php\/note-de-cloture\/","og_site_name":"Film par Image","article_modified_time":"2026-02-13T17:30:47+00:00","twitter_card":"summary_large_image","twitter_misc":{"Dur\u00e9e de lecture estim\u00e9e":"5 minutes"},"schema":{"@context":"https:\/\/schema.org","@graph":[{"@type":"WebPage","@id":"https:\/\/filmparimage.com\/index.php\/note-de-cloture\/","url":"https:\/\/filmparimage.com\/index.php\/note-de-cloture\/","name":"NOTE DE CL\u00d4TURE - Film par Image","isPartOf":{"@id":"https:\/\/filmparimage.com\/#website"},"datePublished":"2026-02-09T16:12:08+00:00","dateModified":"2026-02-13T17:30:47+00:00","description":"Note de cl\u00f4ture du corpus des Cin\u00e9scriptographes : clarification du dispositif, cadre m\u00e9thodologique et positionnement de l\u2019ensemble.","breadcrumb":{"@id":"https:\/\/filmparimage.com\/index.php\/note-de-cloture\/#breadcrumb"},"inLanguage":"fr-FR","potentialAction":[{"@type":"ReadAction","target":["https:\/\/filmparimage.com\/index.php\/note-de-cloture\/"]}]},{"@type":"BreadcrumbList","@id":"https:\/\/filmparimage.com\/index.php\/note-de-cloture\/#breadcrumb","itemListElement":[{"@type":"ListItem","position":1,"name":"Accueil","item":"https:\/\/filmparimage.com\/"},{"@type":"ListItem","position":2,"name":"NOTE DE CL\u00d4TURE"}]},{"@type":"WebSite","@id":"https:\/\/filmparimage.com\/#website","url":"https:\/\/filmparimage.com\/","name":"Film par Image - Legrand Sylvain","description":"","publisher":{"@id":"https:\/\/filmparimage.com\/#\/schema\/person\/547f34e67d715f096435a0797e067057"},"potentialAction":[{"@type":"SearchAction","target":{"@type":"EntryPoint","urlTemplate":"https:\/\/filmparimage.com\/?s={search_term_string}"},"query-input":{"@type":"PropertyValueSpecification","valueRequired":true,"valueName":"search_term_string"}}],"inLanguage":"fr-FR"},{"@type":["Person","Organization"],"@id":"https:\/\/filmparimage.com\/#\/schema\/person\/547f34e67d715f096435a0797e067057","name":"Legrand Sylvain","image":{"@type":"ImageObject","inLanguage":"fr-FR","@id":"https:\/\/secure.gravatar.com\/avatar\/4c54330c34bb47c87bbfae03180577b9fd3515a5cf7d9f703668c6e5d68f0541?s=96&d=mm&r=g","url":"https:\/\/secure.gravatar.com\/avatar\/4c54330c34bb47c87bbfae03180577b9fd3515a5cf7d9f703668c6e5d68f0541?s=96&d=mm&r=g","contentUrl":"https:\/\/secure.gravatar.com\/avatar\/4c54330c34bb47c87bbfae03180577b9fd3515a5cf7d9f703668c6e5d68f0541?s=96&d=mm&r=g","caption":"Legrand Sylvain"},"logo":{"@id":"https:\/\/secure.gravatar.com\/avatar\/4c54330c34bb47c87bbfae03180577b9fd3515a5cf7d9f703668c6e5d68f0541?s=96&d=mm&r=g"},"sameAs":["http:\/\/filmparimage.com"]}]}},"_links":{"self":[{"href":"https:\/\/filmparimage.com\/index.php\/wp-json\/wp\/v2\/pages\/825","targetHints":{"allow":["GET"]}}],"collection":[{"href":"https:\/\/filmparimage.com\/index.php\/wp-json\/wp\/v2\/pages"}],"about":[{"href":"https:\/\/filmparimage.com\/index.php\/wp-json\/wp\/v2\/types\/page"}],"author":[{"embeddable":true,"href":"https:\/\/filmparimage.com\/index.php\/wp-json\/wp\/v2\/users\/1"}],"replies":[{"embeddable":true,"href":"https:\/\/filmparimage.com\/index.php\/wp-json\/wp\/v2\/comments?post=825"}],"version-history":[{"count":3,"href":"https:\/\/filmparimage.com\/index.php\/wp-json\/wp\/v2\/pages\/825\/revisions"}],"predecessor-version":[{"id":850,"href":"https:\/\/filmparimage.com\/index.php\/wp-json\/wp\/v2\/pages\/825\/revisions\/850"}],"wp:attachment":[{"href":"https:\/\/filmparimage.com\/index.php\/wp-json\/wp\/v2\/media?parent=825"}],"curies":[{"name":"wp","href":"https:\/\/api.w.org\/{rel}","templated":true}]}}