{"id":933,"date":"2026-04-17T13:41:24","date_gmt":"2026-04-17T11:41:24","guid":{"rendered":"https:\/\/filmparimage.com\/?post_type=product&#038;p=933"},"modified":"2026-04-17T16:50:21","modified_gmt":"2026-04-17T14:50:21","slug":"le-cinescriptographe-cinema-sans-camera","status":"publish","type":"product","link":"https:\/\/filmparimage.com\/index.php\/produit\/le-cinescriptographe-cinema-sans-camera\/","title":{"rendered":"Le Cin\u00e9scriptographe \u2014 Cin\u00e9ma sans cam\u00e9ra"},"content":{"rendered":"<p><strong>Le monde devient l\u2019\u00e9cran.<\/strong><\/p>\n<p>Ce livre constitue la forme la plus compl\u00e8te du projet,<br data-start=\"2445\" data-end=\"2448\" \/>d\u00e9veloppant et approfondissant le corpus pr\u00e9sent\u00e9 en ligne.<\/p>\n<p>Il n\u2019est ni un journal, ni une th\u00e9orie.<\/p>\n<p>Il rassemble des fragments \u00e9crits \u00e0 diff\u00e9rents moments,<br \/>\navant les \u00e9v\u00e8nements auxquels ils feront \u00e9cho.<\/p>\n<p>Des phrases not\u00e9es.<br \/>\nDes images retenues.<br \/>\nDes gestes, des d\u00e9tails, des signes presque anodins.<\/p>\n<p>Certains, plus tard, entrent en r\u00e9sonance avec le r\u00e9el.<\/p>\n<p>Ces rapprochements ne rel\u00e8vent ni de la pr\u00e9diction<br \/>\nni de la proph\u00e9tie.<\/p>\n<p>Ils composent ce que l\u2019auteur appelle<br \/>\ndes cin\u00e9scriptographes :<\/p>\n<p>un montage entre une phrase ancienne<br \/>\net un \u00e9v\u00e8nement survenu plus tard.<\/p>\n<p>Comme au cin\u00e9ma, le sens na\u00eet du montage.<\/p>\n<p>Priv\u00e9 de cam\u00e9ra \u00e0 un moment de sa vie,<br \/>\nl\u2019auteur a poursuivi le cin\u00e9ma autrement :<br \/>\npar l\u2019\u00e9criture.<\/p>\n<p>La cam\u00e9ra s\u2019est d\u00e9plac\u00e9e<br \/>\ndans le regard, la m\u00e9moire et les phrases.<\/p>\n<p>Chaque fragment devient un plan.<br \/>\nChaque page, un montage.<\/p>\n<p>Le monde devient l\u2019\u00e9cran.<\/p>\n<p>Auteur : Sylvain Legrand<br \/>\nISBN : 979-10-415-9550-1<\/p>\n<p>TVA non applicable \u2013 article 293B du CGI<\/p>\n<p>Livraison incluse (France m\u00e9tropolitaine)<\/p>\n","protected":false},"excerpt":{"rendered":"<p><strong>Le monde devient l\u2019\u00e9cran.<\/strong><\/p>\n<p><em>Le Cin\u00e9scriptographe \u2014 Cin\u00e9ma sans cam\u00e9ra<\/em> est un livre de fragments, o\u00f9 les phrases deviennent des images et le temps, un montage.<\/p>\n<p>Prix : 39 \u20ac (livraison incluse \u2013 France)<\/p>\n","protected":false},"featured_media":934,"comment_status":"closed","ping_status":"closed","template":"","meta":{"_kad_post_transparent":"default","_kad_post_title":"","_kad_post_layout":"default","_kad_post_sidebar_id":"","_kad_post_content_style":"default","_kad_post_vertical_padding":"default","_kad_post_feature":"","_kad_post_feature_position":"","_kad_post_header":false,"_kad_post_footer":false,"_kad_post_classname":""},"product_brand":[],"product_cat":[17],"product_tag":[],"class_list":{"0":"post-933","1":"product","2":"type-product","3":"status-publish","4":"has-post-thumbnail","6":"product_cat-livre","8":"first","9":"instock","10":"shipping-taxable","11":"purchasable","12":"product-type-simple","13":"entry","14":"content-bg","15":"loop-entry"},"yoast_head":"<!-- This site is optimized with the Yoast SEO plugin v27.4 - https:\/\/yoast.com\/product\/yoast-seo-wordpress\/ -->\n<title>Le Cin\u00e9scriptographe \u2014 Cin\u00e9ma sans cam\u00e9ra - Film par Image<\/title>\n<meta name=\"description\" content=\"Le monde devient l\u2019\u00e9cran. Le cin\u00e9scriptographe \u2014 cin\u00e9ma sans cam\u00e9ra est un livre de fragments, o\u00f9 les phrases deviennent des images et le temps, un montage.\" \/>\n<meta name=\"robots\" content=\"index, follow, max-snippet:-1, max-image-preview:large, max-video-preview:-1\" \/>\n<link rel=\"canonical\" href=\"https:\/\/filmparimage.com\/index.php\/produit\/le-cinescriptographe-cinema-sans-camera\/\" \/>\n<meta property=\"og:locale\" content=\"fr_FR\" \/>\n<meta property=\"og:type\" content=\"article\" \/>\n<meta property=\"og:title\" content=\"Le Cin\u00e9scriptographe \u2014 Cin\u00e9ma sans cam\u00e9ra - Film par Image\" \/>\n<meta property=\"og:description\" content=\"Le monde devient l\u2019\u00e9cran. Le cin\u00e9scriptographe \u2014 cin\u00e9ma sans cam\u00e9ra est un livre de fragments, o\u00f9 les phrases deviennent des images et le temps, un montage.\" \/>\n<meta property=\"og:url\" content=\"https:\/\/filmparimage.com\/index.php\/produit\/le-cinescriptographe-cinema-sans-camera\/\" \/>\n<meta property=\"og:site_name\" content=\"Film par Image\" \/>\n<meta property=\"article:modified_time\" content=\"2026-04-17T14:50:21+00:00\" \/>\n<meta property=\"og:image\" content=\"https:\/\/filmparimage.com\/wp-content\/uploads\/1ere-couv-cinescriptographe-scaled.jpg\" \/>\n\t<meta property=\"og:image:width\" content=\"1920\" \/>\n\t<meta property=\"og:image:height\" content=\"2560\" \/>\n\t<meta property=\"og:image:type\" content=\"image\/jpeg\" \/>\n<meta name=\"twitter:card\" content=\"summary_large_image\" \/>\n<meta name=\"twitter:label1\" content=\"Dur\u00e9e de lecture estim\u00e9e\" \/>\n\t<meta name=\"twitter:data1\" content=\"2 minutes\" \/>\n<script type=\"application\/ld+json\" class=\"yoast-schema-graph\">{\"@context\":\"https:\\\/\\\/schema.org\",\"@graph\":[{\"@type\":\"WebPage\",\"@id\":\"https:\\\/\\\/filmparimage.com\\\/index.php\\\/produit\\\/le-cinescriptographe-cinema-sans-camera\\\/\",\"url\":\"https:\\\/\\\/filmparimage.com\\\/index.php\\\/produit\\\/le-cinescriptographe-cinema-sans-camera\\\/\",\"name\":\"Le Cin\u00e9scriptographe \u2014 Cin\u00e9ma sans cam\u00e9ra - Film par Image\",\"isPartOf\":{\"@id\":\"https:\\\/\\\/filmparimage.com\\\/#website\"},\"primaryImageOfPage\":{\"@id\":\"https:\\\/\\\/filmparimage.com\\\/index.php\\\/produit\\\/le-cinescriptographe-cinema-sans-camera\\\/#primaryimage\"},\"image\":{\"@id\":\"https:\\\/\\\/filmparimage.com\\\/index.php\\\/produit\\\/le-cinescriptographe-cinema-sans-camera\\\/#primaryimage\"},\"thumbnailUrl\":\"https:\\\/\\\/filmparimage.com\\\/wp-content\\\/uploads\\\/1ere-couv-cinescriptographe-scaled.jpg\",\"datePublished\":\"2026-04-17T11:41:24+00:00\",\"dateModified\":\"2026-04-17T14:50:21+00:00\",\"description\":\"Le monde devient l\u2019\u00e9cran. Le cin\u00e9scriptographe \u2014 cin\u00e9ma sans cam\u00e9ra est un livre de fragments, o\u00f9 les phrases deviennent des images et le temps, un montage.\",\"breadcrumb\":{\"@id\":\"https:\\\/\\\/filmparimage.com\\\/index.php\\\/produit\\\/le-cinescriptographe-cinema-sans-camera\\\/#breadcrumb\"},\"inLanguage\":\"fr-FR\",\"potentialAction\":[{\"@type\":\"ReadAction\",\"target\":[\"https:\\\/\\\/filmparimage.com\\\/index.php\\\/produit\\\/le-cinescriptographe-cinema-sans-camera\\\/\"]}]},{\"@type\":\"ImageObject\",\"inLanguage\":\"fr-FR\",\"@id\":\"https:\\\/\\\/filmparimage.com\\\/index.php\\\/produit\\\/le-cinescriptographe-cinema-sans-camera\\\/#primaryimage\",\"url\":\"https:\\\/\\\/filmparimage.com\\\/wp-content\\\/uploads\\\/1ere-couv-cinescriptographe-scaled.jpg\",\"contentUrl\":\"https:\\\/\\\/filmparimage.com\\\/wp-content\\\/uploads\\\/1ere-couv-cinescriptographe-scaled.jpg\",\"width\":1920,\"height\":2560},{\"@type\":\"BreadcrumbList\",\"@id\":\"https:\\\/\\\/filmparimage.com\\\/index.php\\\/produit\\\/le-cinescriptographe-cinema-sans-camera\\\/#breadcrumb\",\"itemListElement\":[{\"@type\":\"ListItem\",\"position\":1,\"name\":\"Accueil\",\"item\":\"https:\\\/\\\/filmparimage.com\\\/\"},{\"@type\":\"ListItem\",\"position\":2,\"name\":\"Boutique\",\"item\":\"https:\\\/\\\/filmparimage.com\\\/index.php\\\/boutique\\\/\"},{\"@type\":\"ListItem\",\"position\":3,\"name\":\"Le Cin\u00e9scriptographe \u2014 Cin\u00e9ma sans cam\u00e9ra\"}]},{\"@type\":\"WebSite\",\"@id\":\"https:\\\/\\\/filmparimage.com\\\/#website\",\"url\":\"https:\\\/\\\/filmparimage.com\\\/\",\"name\":\"Film par Image - Legrand Sylvain\",\"description\":\"\",\"publisher\":{\"@id\":\"https:\\\/\\\/filmparimage.com\\\/#\\\/schema\\\/person\\\/547f34e67d715f096435a0797e067057\"},\"potentialAction\":[{\"@type\":\"SearchAction\",\"target\":{\"@type\":\"EntryPoint\",\"urlTemplate\":\"https:\\\/\\\/filmparimage.com\\\/?s={search_term_string}\"},\"query-input\":{\"@type\":\"PropertyValueSpecification\",\"valueRequired\":true,\"valueName\":\"search_term_string\"}}],\"inLanguage\":\"fr-FR\"},{\"@type\":[\"Person\",\"Organization\"],\"@id\":\"https:\\\/\\\/filmparimage.com\\\/#\\\/schema\\\/person\\\/547f34e67d715f096435a0797e067057\",\"name\":\"Legrand Sylvain\",\"image\":{\"@type\":\"ImageObject\",\"inLanguage\":\"fr-FR\",\"@id\":\"https:\\\/\\\/secure.gravatar.com\\\/avatar\\\/4c54330c34bb47c87bbfae03180577b9fd3515a5cf7d9f703668c6e5d68f0541?s=96&d=mm&r=g\",\"url\":\"https:\\\/\\\/secure.gravatar.com\\\/avatar\\\/4c54330c34bb47c87bbfae03180577b9fd3515a5cf7d9f703668c6e5d68f0541?s=96&d=mm&r=g\",\"contentUrl\":\"https:\\\/\\\/secure.gravatar.com\\\/avatar\\\/4c54330c34bb47c87bbfae03180577b9fd3515a5cf7d9f703668c6e5d68f0541?s=96&d=mm&r=g\",\"caption\":\"Legrand Sylvain\"},\"logo\":{\"@id\":\"https:\\\/\\\/secure.gravatar.com\\\/avatar\\\/4c54330c34bb47c87bbfae03180577b9fd3515a5cf7d9f703668c6e5d68f0541?s=96&d=mm&r=g\"},\"sameAs\":[\"http:\\\/\\\/filmparimage.com\"]}]}<\/script>\n<!-- \/ Yoast SEO plugin. -->","yoast_head_json":{"title":"Le Cin\u00e9scriptographe \u2014 Cin\u00e9ma sans cam\u00e9ra - Film par Image","description":"Le monde devient l\u2019\u00e9cran. Le cin\u00e9scriptographe \u2014 cin\u00e9ma sans cam\u00e9ra est un livre de fragments, o\u00f9 les phrases deviennent des images et le temps, un montage.","robots":{"index":"index","follow":"follow","max-snippet":"max-snippet:-1","max-image-preview":"max-image-preview:large","max-video-preview":"max-video-preview:-1"},"canonical":"https:\/\/filmparimage.com\/index.php\/produit\/le-cinescriptographe-cinema-sans-camera\/","og_locale":"fr_FR","og_type":"article","og_title":"Le Cin\u00e9scriptographe \u2014 Cin\u00e9ma sans cam\u00e9ra - Film par Image","og_description":"Le monde devient l\u2019\u00e9cran. Le cin\u00e9scriptographe \u2014 cin\u00e9ma sans cam\u00e9ra est un livre de fragments, o\u00f9 les phrases deviennent des images et le temps, un montage.","og_url":"https:\/\/filmparimage.com\/index.php\/produit\/le-cinescriptographe-cinema-sans-camera\/","og_site_name":"Film par Image","article_modified_time":"2026-04-17T14:50:21+00:00","og_image":[{"width":1920,"height":2560,"url":"https:\/\/filmparimage.com\/wp-content\/uploads\/1ere-couv-cinescriptographe-scaled.jpg","type":"image\/jpeg"}],"twitter_card":"summary_large_image","twitter_misc":{"Dur\u00e9e de lecture estim\u00e9e":"2 minutes"},"schema":{"@context":"https:\/\/schema.org","@graph":[{"@type":"WebPage","@id":"https:\/\/filmparimage.com\/index.php\/produit\/le-cinescriptographe-cinema-sans-camera\/","url":"https:\/\/filmparimage.com\/index.php\/produit\/le-cinescriptographe-cinema-sans-camera\/","name":"Le Cin\u00e9scriptographe \u2014 Cin\u00e9ma sans cam\u00e9ra - Film par Image","isPartOf":{"@id":"https:\/\/filmparimage.com\/#website"},"primaryImageOfPage":{"@id":"https:\/\/filmparimage.com\/index.php\/produit\/le-cinescriptographe-cinema-sans-camera\/#primaryimage"},"image":{"@id":"https:\/\/filmparimage.com\/index.php\/produit\/le-cinescriptographe-cinema-sans-camera\/#primaryimage"},"thumbnailUrl":"https:\/\/filmparimage.com\/wp-content\/uploads\/1ere-couv-cinescriptographe-scaled.jpg","datePublished":"2026-04-17T11:41:24+00:00","dateModified":"2026-04-17T14:50:21+00:00","description":"Le monde devient l\u2019\u00e9cran. Le cin\u00e9scriptographe \u2014 cin\u00e9ma sans cam\u00e9ra est un livre de fragments, o\u00f9 les phrases deviennent des images et le temps, un montage.","breadcrumb":{"@id":"https:\/\/filmparimage.com\/index.php\/produit\/le-cinescriptographe-cinema-sans-camera\/#breadcrumb"},"inLanguage":"fr-FR","potentialAction":[{"@type":"ReadAction","target":["https:\/\/filmparimage.com\/index.php\/produit\/le-cinescriptographe-cinema-sans-camera\/"]}]},{"@type":"ImageObject","inLanguage":"fr-FR","@id":"https:\/\/filmparimage.com\/index.php\/produit\/le-cinescriptographe-cinema-sans-camera\/#primaryimage","url":"https:\/\/filmparimage.com\/wp-content\/uploads\/1ere-couv-cinescriptographe-scaled.jpg","contentUrl":"https:\/\/filmparimage.com\/wp-content\/uploads\/1ere-couv-cinescriptographe-scaled.jpg","width":1920,"height":2560},{"@type":"BreadcrumbList","@id":"https:\/\/filmparimage.com\/index.php\/produit\/le-cinescriptographe-cinema-sans-camera\/#breadcrumb","itemListElement":[{"@type":"ListItem","position":1,"name":"Accueil","item":"https:\/\/filmparimage.com\/"},{"@type":"ListItem","position":2,"name":"Boutique","item":"https:\/\/filmparimage.com\/index.php\/boutique\/"},{"@type":"ListItem","position":3,"name":"Le Cin\u00e9scriptographe \u2014 Cin\u00e9ma sans cam\u00e9ra"}]},{"@type":"WebSite","@id":"https:\/\/filmparimage.com\/#website","url":"https:\/\/filmparimage.com\/","name":"Film par Image - Legrand Sylvain","description":"","publisher":{"@id":"https:\/\/filmparimage.com\/#\/schema\/person\/547f34e67d715f096435a0797e067057"},"potentialAction":[{"@type":"SearchAction","target":{"@type":"EntryPoint","urlTemplate":"https:\/\/filmparimage.com\/?s={search_term_string}"},"query-input":{"@type":"PropertyValueSpecification","valueRequired":true,"valueName":"search_term_string"}}],"inLanguage":"fr-FR"},{"@type":["Person","Organization"],"@id":"https:\/\/filmparimage.com\/#\/schema\/person\/547f34e67d715f096435a0797e067057","name":"Legrand Sylvain","image":{"@type":"ImageObject","inLanguage":"fr-FR","@id":"https:\/\/secure.gravatar.com\/avatar\/4c54330c34bb47c87bbfae03180577b9fd3515a5cf7d9f703668c6e5d68f0541?s=96&d=mm&r=g","url":"https:\/\/secure.gravatar.com\/avatar\/4c54330c34bb47c87bbfae03180577b9fd3515a5cf7d9f703668c6e5d68f0541?s=96&d=mm&r=g","contentUrl":"https:\/\/secure.gravatar.com\/avatar\/4c54330c34bb47c87bbfae03180577b9fd3515a5cf7d9f703668c6e5d68f0541?s=96&d=mm&r=g","caption":"Legrand Sylvain"},"logo":{"@id":"https:\/\/secure.gravatar.com\/avatar\/4c54330c34bb47c87bbfae03180577b9fd3515a5cf7d9f703668c6e5d68f0541?s=96&d=mm&r=g"},"sameAs":["http:\/\/filmparimage.com"]}]}},"_links":{"self":[{"href":"https:\/\/filmparimage.com\/index.php\/wp-json\/wp\/v2\/product\/933","targetHints":{"allow":["GET"]}}],"collection":[{"href":"https:\/\/filmparimage.com\/index.php\/wp-json\/wp\/v2\/product"}],"about":[{"href":"https:\/\/filmparimage.com\/index.php\/wp-json\/wp\/v2\/types\/product"}],"replies":[{"embeddable":true,"href":"https:\/\/filmparimage.com\/index.php\/wp-json\/wp\/v2\/comments?post=933"}],"wp:featuredmedia":[{"embeddable":true,"href":"https:\/\/filmparimage.com\/index.php\/wp-json\/wp\/v2\/media\/934"}],"wp:attachment":[{"href":"https:\/\/filmparimage.com\/index.php\/wp-json\/wp\/v2\/media?parent=933"}],"wp:term":[{"taxonomy":"product_brand","embeddable":true,"href":"https:\/\/filmparimage.com\/index.php\/wp-json\/wp\/v2\/product_brand?post=933"},{"taxonomy":"product_cat","embeddable":true,"href":"https:\/\/filmparimage.com\/index.php\/wp-json\/wp\/v2\/product_cat?post=933"},{"taxonomy":"product_tag","embeddable":true,"href":"https:\/\/filmparimage.com\/index.php\/wp-json\/wp\/v2\/product_tag?post=933"}],"curies":[{"name":"wp","href":"https:\/\/api.w.org\/{rel}","templated":true}]}}